{"id":1243,"date":"2022-04-23T23:53:52","date_gmt":"2022-04-23T21:53:52","guid":{"rendered":"http:\/\/8lidi.cz\/domains\/8lidi.cz\/clenove\/"},"modified":"2022-09-10T13:43:43","modified_gmt":"2022-09-10T11:43:43","slug":"members","status":"publish","type":"page","link":"https:\/\/8lidi.cz\/en\/members\/","title":{"rendered":"Members"},"content":{"rendered":"\n<div class=\"wp-block-columns vetsi-mezera is-layout-flex wp-container-core-columns-is-layout-9d6595d7 wp-block-columns-is-layout-flex\">\n<div class=\"wp-block-column is-layout-flow wp-block-column-is-layout-flow\"><div class=\"wp-block-image multiply\">\n<figure class=\"aligncenter size-full\"><img loading=\"lazy\" decoding=\"async\" width=\"321\" height=\"279\" src=\"https:\/\/8lidi.cz\/wp-content\/uploads\/2022\/09\/petr-erbes.jpg\" alt=\"\" class=\"wp-image-1853\" srcset=\"https:\/\/8lidi.cz\/wp-content\/uploads\/2022\/09\/petr-erbes.jpg 321w, https:\/\/8lidi.cz\/wp-content\/uploads\/2022\/09\/petr-erbes-300x261.jpg 300w\" sizes=\"auto, (max-width: 321px) 100vw, 321px\" \/><\/figure>\n<\/div>\n\n\n<div aria-hidden=\"true\" class=\"wp-block-fsb-flexible-spacer fsb-flexible-spacer\"><div class=\"fsb-flexible-spacer__device fsb-flexible-spacer__device--lg\" style=\"height:1px\"><\/div><div class=\"fsb-flexible-spacer__device fsb-flexible-spacer__device--md\" style=\"height:1px\"><\/div><div class=\"fsb-flexible-spacer__device fsb-flexible-spacer__device--sm\" style=\"height:1px\"><\/div><\/div>\n\n\n\n<h2 class=\"wp-block-heading\">Petr Erbes<\/h2>\n\n\n\n<p>Within the group, Petr is known as a passionate guitarist, an ingenious inventor of boardgames and computer games, a curious fan of history, and a self-assured, devilish driver. He also has a collection of original topics up his sleeves, all inviting you to turn them into theatre or another form of art. Few people know that Petr\u2019s work in the theatre is fundamentally influenced by his wealth of experiences as a camp counsellor in his home town of Poli\u010dka. He therefore gives directorial and dramaturgical feedback exclusively while wearing shorts, guitar in hand, in the campfire key of D major.<\/p>\n\n\n\n<div aria-hidden=\"true\" class=\"wp-block-fsb-flexible-spacer fsb-flexible-spacer\"><div class=\"fsb-flexible-spacer__device fsb-flexible-spacer__device--lg\" style=\"height:20px\"><\/div><div class=\"fsb-flexible-spacer__device fsb-flexible-spacer__device--md\" style=\"height:20px\"><\/div><div class=\"fsb-flexible-spacer__device fsb-flexible-spacer__device--sm\" style=\"height:28px\"><\/div><\/div>\n<\/div>\n\n\n\n<div class=\"wp-block-column is-layout-flow wp-block-column-is-layout-flow\"><div class=\"wp-block-image multiply\">\n<figure class=\"aligncenter size-full\"><img loading=\"lazy\" decoding=\"async\" width=\"321\" height=\"279\" src=\"https:\/\/8lidi.cz\/wp-content\/uploads\/2022\/09\/emilie-formanova.jpg\" alt=\"\" class=\"wp-image-1852\" srcset=\"https:\/\/8lidi.cz\/wp-content\/uploads\/2022\/09\/emilie-formanova.jpg 321w, https:\/\/8lidi.cz\/wp-content\/uploads\/2022\/09\/emilie-formanova-300x261.jpg 300w\" sizes=\"auto, (max-width: 321px) 100vw, 321px\" \/><\/figure>\n<\/div>\n\n\n<div aria-hidden=\"true\" class=\"wp-block-fsb-flexible-spacer fsb-flexible-spacer\"><div class=\"fsb-flexible-spacer__device fsb-flexible-spacer__device--lg\" style=\"height:1px\"><\/div><div class=\"fsb-flexible-spacer__device fsb-flexible-spacer__device--md\" style=\"height:1px\"><\/div><div class=\"fsb-flexible-spacer__device fsb-flexible-spacer__device--sm\" style=\"height:1px\"><\/div><\/div>\n\n\n\n<h2 class=\"wp-block-heading\">Emilie Formanov\u00e1<\/h2>\n\n\n\n<p>Emilka not only takes care of production matters in the group \u2013 she also contributes a positive approach and care for others. What\u2019s more, she is a huge support for us as an actress, even though she only appears on the stage when an emergency calls for it. She has been a member of 8lid\u00ed since the very beginning, when we discovered her unique talent among the other production management students. Many institutions and groups since then have noticed her talents, but Emilka remains faithful to us. The author of these words admires her kind smile and enjoys spending time in her warm embrace.&nbsp;<\/p>\n\n\n\n<div aria-hidden=\"true\" class=\"wp-block-fsb-flexible-spacer fsb-flexible-spacer\"><div class=\"fsb-flexible-spacer__device fsb-flexible-spacer__device--lg\" style=\"height:20px\"><\/div><div class=\"fsb-flexible-spacer__device fsb-flexible-spacer__device--md\" style=\"height:20px\"><\/div><div class=\"fsb-flexible-spacer__device fsb-flexible-spacer__device--sm\" style=\"height:20px\"><\/div><\/div>\n<\/div>\n<\/div>\n\n\n\n<div class=\"wp-block-columns vetsi-mezera is-layout-flex wp-container-core-columns-is-layout-9d6595d7 wp-block-columns-is-layout-flex\">\n<div class=\"wp-block-column is-layout-flow wp-block-column-is-layout-flow\"><div class=\"wp-block-image multiply\">\n<figure class=\"aligncenter size-full\"><img loading=\"lazy\" decoding=\"async\" width=\"321\" height=\"279\" src=\"https:\/\/8lidi.cz\/wp-content\/uploads\/2022\/09\/nina-jacques.jpg\" alt=\"\" class=\"wp-image-1851\" srcset=\"https:\/\/8lidi.cz\/wp-content\/uploads\/2022\/09\/nina-jacques.jpg 321w, https:\/\/8lidi.cz\/wp-content\/uploads\/2022\/09\/nina-jacques-300x261.jpg 300w\" sizes=\"auto, (max-width: 321px) 100vw, 321px\" \/><\/figure>\n<\/div>\n\n\n<div aria-hidden=\"true\" class=\"wp-block-fsb-flexible-spacer fsb-flexible-spacer\"><div class=\"fsb-flexible-spacer__device fsb-flexible-spacer__device--lg\" style=\"height:1px\"><\/div><div class=\"fsb-flexible-spacer__device fsb-flexible-spacer__device--md\" style=\"height:1px\"><\/div><div class=\"fsb-flexible-spacer__device fsb-flexible-spacer__device--sm\" style=\"height:1px\"><\/div><\/div>\n\n\n\n<h2 class=\"wp-block-heading\">Nina Jacques<\/h2>\n\n\n\n<p>Nina is the greatest polyglot in our group. She has a wonderfully broad perspective on everything going on in the world and our own country. She is immensely educated and beautiful. She often tells us about the embarrassing moments she experiences in the theatre or her private life. Through her anecdotes, and by virtue of being able to voice out loud the negative aspects of the group, she creates the stability of 8lid\u00ed. She often hosts us at her home, as with the traditional Christmas raclette party. It is thanks to her that we have an official address for our association. Nina doesn\u2019t use the usual social networks like Facebook and Instagram \u2013 nor is she the only one in the group not to \u2013 but she does write a fantastic newsletter where you can read about her cultural recommendations, thoughts, or tips for various outings and trips<strong>.<\/strong> <\/p>\n\n\n\n<div aria-hidden=\"true\" class=\"wp-block-fsb-flexible-spacer fsb-flexible-spacer\"><div class=\"fsb-flexible-spacer__device fsb-flexible-spacer__device--lg\" style=\"height:20px\"><\/div><div class=\"fsb-flexible-spacer__device fsb-flexible-spacer__device--md\" style=\"height:20px\"><\/div><div class=\"fsb-flexible-spacer__device fsb-flexible-spacer__device--sm\" style=\"height:28px\"><\/div><\/div>\n<\/div>\n\n\n\n<div class=\"wp-block-column is-layout-flow wp-block-column-is-layout-flow\"><div class=\"wp-block-image multiply\">\n<figure class=\"aligncenter size-full\"><img loading=\"lazy\" decoding=\"async\" width=\"321\" height=\"279\" src=\"https:\/\/8lidi.cz\/wp-content\/uploads\/2022\/09\/boris-jedinak.jpg\" alt=\"\" class=\"wp-image-1850\" srcset=\"https:\/\/8lidi.cz\/wp-content\/uploads\/2022\/09\/boris-jedinak.jpg 321w, https:\/\/8lidi.cz\/wp-content\/uploads\/2022\/09\/boris-jedinak-300x261.jpg 300w\" sizes=\"auto, (max-width: 321px) 100vw, 321px\" \/><\/figure>\n<\/div>\n\n\n<div aria-hidden=\"true\" class=\"wp-block-fsb-flexible-spacer fsb-flexible-spacer\"><div class=\"fsb-flexible-spacer__device fsb-flexible-spacer__device--lg\" style=\"height:1px\"><\/div><div class=\"fsb-flexible-spacer__device fsb-flexible-spacer__device--md\" style=\"height:1px\"><\/div><div class=\"fsb-flexible-spacer__device fsb-flexible-spacer__device--sm\" style=\"height:1px\"><\/div><\/div>\n\n\n\n<h2 class=\"wp-block-heading\">Boris Jedin\u00e1k<\/h2>\n\n\n\n<p>Boris \u2013 simply Boris. He has nicknames, but no one uses them. He\u2019s never late. Never. Almost never. And when he is, it\u2019s only because the rest of us taught him to be. Punctuality is something he has in common with his sister Viktorka. Whenever Boris is deep in thought or laughing, he strokes the tip of his nose. Whenever this occurs, we know that what will follow will be an interesting fact, a challenge to the information presented, or a joke. You can rely on Boris. At the hardest of times, he can cheer you up with kind words and a hug. You can always lean on him, both figuratively and literally. Boris is a dancer. A remarkable dancer.<\/p>\n\n\n\n<div aria-hidden=\"true\" class=\"wp-block-fsb-flexible-spacer fsb-flexible-spacer\"><div class=\"fsb-flexible-spacer__device fsb-flexible-spacer__device--lg\" style=\"height:20px\"><\/div><div class=\"fsb-flexible-spacer__device fsb-flexible-spacer__device--md\" style=\"height:20px\"><\/div><div class=\"fsb-flexible-spacer__device fsb-flexible-spacer__device--sm\" style=\"height:20px\"><\/div><\/div>\n<\/div>\n<\/div>\n\n\n\n<div class=\"wp-block-columns vetsi-mezera is-layout-flex wp-container-core-columns-is-layout-9d6595d7 wp-block-columns-is-layout-flex\">\n<div class=\"wp-block-column is-layout-flow wp-block-column-is-layout-flow\"><div class=\"wp-block-image multiply\">\n<figure class=\"aligncenter size-full\"><img loading=\"lazy\" decoding=\"async\" width=\"321\" height=\"279\" src=\"https:\/\/8lidi.cz\/wp-content\/uploads\/2022\/09\/anna-klimesova.jpg\" alt=\"\" class=\"wp-image-1849\" srcset=\"https:\/\/8lidi.cz\/wp-content\/uploads\/2022\/09\/anna-klimesova.jpg 321w, https:\/\/8lidi.cz\/wp-content\/uploads\/2022\/09\/anna-klimesova-300x261.jpg 300w\" sizes=\"auto, (max-width: 321px) 100vw, 321px\" \/><\/figure>\n<\/div>\n\n\n<div aria-hidden=\"true\" class=\"wp-block-fsb-flexible-spacer fsb-flexible-spacer\"><div class=\"fsb-flexible-spacer__device fsb-flexible-spacer__device--lg\" style=\"height:1px\"><\/div><div class=\"fsb-flexible-spacer__device fsb-flexible-spacer__device--md\" style=\"height:1px\"><\/div><div class=\"fsb-flexible-spacer__device fsb-flexible-spacer__device--sm\" style=\"height:1px\"><\/div><\/div>\n\n\n\n<h2 class=\"wp-block-heading\">Anna Klime\u0161ov\u00e1<\/h2>\n\n\n\n<p>8:14 Im sorey i am overslept \ud83d\ude41<br>8:14 I\u2019ll build right there.<br>8:15 Jasus, autocorrect.<br>8:16 \ud83d\ude00<br>Ani\u010dka likes the sea and dislikes waking up early. And although we rouse her from sleep before eight a.m. every Tuesday, she is always kind, friendly, and a patient listener. She also has a feeling for casting doubt on things at the right time. A, also known as concert pitch, is the note to which instruments in the orchestra tune. Without Anna, 8lid\u00ed would be out of tune. And we probably wouldn\u2019t have a single group photo, which Anna takes at every opportunity, selflessly, with the drive of a mother at a graduation ceremony. She is not only the harmonising element of 8lid\u00ed \u2013 she is also a successful director. Though she does not define herself in terms of genre, as Alice would say: \u201cTake your kids to see Ani\u010dka\u2019s pieces\u201d. Because everything in category A means the highest standard of quality!<\/p>\n\n\n\n<div aria-hidden=\"true\" class=\"wp-block-fsb-flexible-spacer fsb-flexible-spacer\"><div class=\"fsb-flexible-spacer__device fsb-flexible-spacer__device--lg\" style=\"height:20px\"><\/div><div class=\"fsb-flexible-spacer__device fsb-flexible-spacer__device--md\" style=\"height:20px\"><\/div><div class=\"fsb-flexible-spacer__device fsb-flexible-spacer__device--sm\" style=\"height:28px\"><\/div><\/div>\n<\/div>\n\n\n\n<div class=\"wp-block-column is-layout-flow wp-block-column-is-layout-flow\"><div class=\"wp-block-image multiply\">\n<figure class=\"aligncenter size-full\"><img loading=\"lazy\" decoding=\"async\" width=\"321\" height=\"279\" src=\"https:\/\/8lidi.cz\/wp-content\/uploads\/2022\/09\/alice-koflakova.jpg\" alt=\"\" class=\"wp-image-1848\" srcset=\"https:\/\/8lidi.cz\/wp-content\/uploads\/2022\/09\/alice-koflakova.jpg 321w, https:\/\/8lidi.cz\/wp-content\/uploads\/2022\/09\/alice-koflakova-300x261.jpg 300w\" sizes=\"auto, (max-width: 321px) 100vw, 321px\" \/><\/figure>\n<\/div>\n\n\n<div aria-hidden=\"true\" class=\"wp-block-fsb-flexible-spacer fsb-flexible-spacer\"><div class=\"fsb-flexible-spacer__device fsb-flexible-spacer__device--lg\" style=\"height:1px\"><\/div><div class=\"fsb-flexible-spacer__device fsb-flexible-spacer__device--md\" style=\"height:1px\"><\/div><div class=\"fsb-flexible-spacer__device fsb-flexible-spacer__device--sm\" style=\"height:1px\"><\/div><\/div>\n\n\n\n<h2 class=\"wp-block-heading\">Alice Kofl\u00e1kov\u00e1<\/h2>\n\n\n\n<p>Along with Emilka, Alice manages the production of our shows and the organisation of the group in general, and has also served as understudy for various roles played by other members. She has the enterprising spirit of the optimist, which was awoken in her early in her childhood \u2013 as a passionate scout, she collected a record twenty-five badges. Alice is joyful and fair. She knows how to drive a large van. She always knows when the deadline is. She writes beautifully structured emails and is always ready for everything.<\/p>\n\n\n\n<p>With 8lid\u00ed, she has received her badges for general coordination, preparation of special bonding programmes, and creating clear transcripts from the \u2013 often highly chaotic \u2013 morning meetings. Her emails generally end with the words \u201cBe well and good night\u2026\u201d<\/p>\n\n\n\n<div aria-hidden=\"true\" class=\"wp-block-fsb-flexible-spacer fsb-flexible-spacer\"><div class=\"fsb-flexible-spacer__device fsb-flexible-spacer__device--lg\" style=\"height:20px\"><\/div><div class=\"fsb-flexible-spacer__device fsb-flexible-spacer__device--md\" style=\"height:20px\"><\/div><div class=\"fsb-flexible-spacer__device fsb-flexible-spacer__device--sm\" style=\"height:20px\"><\/div><\/div>\n<\/div>\n<\/div>\n\n\n\n<div class=\"wp-block-columns vetsi-mezera is-layout-flex wp-container-core-columns-is-layout-9d6595d7 wp-block-columns-is-layout-flex\">\n<div class=\"wp-block-column is-layout-flow wp-block-column-is-layout-flow\"><div class=\"wp-block-image multiply\">\n<figure class=\"aligncenter size-full\"><img loading=\"lazy\" decoding=\"async\" width=\"321\" height=\"279\" src=\"https:\/\/8lidi.cz\/wp-content\/uploads\/2022\/09\/karolina-kotrbova.jpg\" alt=\"\" class=\"wp-image-1847\" srcset=\"https:\/\/8lidi.cz\/wp-content\/uploads\/2022\/09\/karolina-kotrbova.jpg 321w, https:\/\/8lidi.cz\/wp-content\/uploads\/2022\/09\/karolina-kotrbova-300x261.jpg 300w\" sizes=\"auto, (max-width: 321px) 100vw, 321px\" \/><\/figure>\n<\/div>\n\n\n<div aria-hidden=\"true\" class=\"wp-block-fsb-flexible-spacer fsb-flexible-spacer\"><div class=\"fsb-flexible-spacer__device fsb-flexible-spacer__device--lg\" style=\"height:1px\"><\/div><div class=\"fsb-flexible-spacer__device fsb-flexible-spacer__device--md\" style=\"height:1px\"><\/div><div class=\"fsb-flexible-spacer__device fsb-flexible-spacer__device--sm\" style=\"height:1px\"><\/div><\/div>\n\n\n\n<h2 class=\"wp-block-heading\">Karol\u00edna Kotrbov\u00e1<\/h2>\n\n\n\n<p>Magdalena Malinov\u00e1, student of theatre theory and criticism, wrote in her semestral essay on the creative process of 8lid\u00ed: \u201cOnly certain members possess fine art skills (but everyone has an opinion*)\u201d. Karol\u00edna is one of these artistically gifted members, but that is certainly not the limit of the role she plays. Her dramaturgical skills and thorough research have often resolved extensive debates within the group. She speaks fluent German, enjoys drawing portraits of the rest of the group, and spends her spare time doodling. A kind, reliable, and caring person. The quiet power of our group. The stable point of 8lid\u00ed.<\/p>\n\n\n\n<div class=\"wp-block-group is-horizontal is-layout-flex wp-block-group-is-layout-flex\">\n<figure class=\"wp-block-image size-full multiply\"><img loading=\"lazy\" decoding=\"async\" width=\"270\" height=\"60\" src=\"https:\/\/8lidi.cz\/wp-content\/uploads\/2022\/07\/vpisek-clenove-1.jpg\" alt=\"\" class=\"wp-image-1196\"\/><\/figure>\n\n\n\n<figure class=\"wp-block-image size-full multiply\"><img loading=\"lazy\" decoding=\"async\" width=\"230\" height=\"60\" src=\"https:\/\/8lidi.cz\/wp-content\/uploads\/2022\/07\/vpisek-clenove-2.jpg\" alt=\"\" class=\"wp-image-1197\"\/><\/figure>\n<\/div>\n\n\n\n<div aria-hidden=\"true\" class=\"wp-block-fsb-flexible-spacer fsb-flexible-spacer\"><div class=\"fsb-flexible-spacer__device fsb-flexible-spacer__device--lg\" style=\"height:20px\"><\/div><div class=\"fsb-flexible-spacer__device fsb-flexible-spacer__device--md\" style=\"height:20px\"><\/div><div class=\"fsb-flexible-spacer__device fsb-flexible-spacer__device--sm\" style=\"height:28px\"><\/div><\/div>\n<\/div>\n\n\n\n<div class=\"wp-block-column is-layout-flow wp-block-column-is-layout-flow\"><div class=\"wp-block-image multiply\">\n<figure class=\"aligncenter size-full\"><img loading=\"lazy\" decoding=\"async\" width=\"321\" height=\"279\" src=\"https:\/\/8lidi.cz\/wp-content\/uploads\/2022\/09\/zuzana-scerankova.jpg\" alt=\"\" class=\"wp-image-1846\" srcset=\"https:\/\/8lidi.cz\/wp-content\/uploads\/2022\/09\/zuzana-scerankova.jpg 321w, https:\/\/8lidi.cz\/wp-content\/uploads\/2022\/09\/zuzana-scerankova-300x261.jpg 300w\" sizes=\"auto, (max-width: 321px) 100vw, 321px\" \/><\/figure>\n<\/div>\n\n\n<div aria-hidden=\"true\" class=\"wp-block-fsb-flexible-spacer fsb-flexible-spacer\"><div class=\"fsb-flexible-spacer__device fsb-flexible-spacer__device--lg\" style=\"height:1px\"><\/div><div class=\"fsb-flexible-spacer__device fsb-flexible-spacer__device--md\" style=\"height:1px\"><\/div><div class=\"fsb-flexible-spacer__device fsb-flexible-spacer__device--sm\" style=\"height:1px\"><\/div><\/div>\n\n\n\n<h2 class=\"wp-block-heading\">Zuzana Scerankov\u00e1<\/h2>\n\n\n\n<p>They call me Zuzanka or Zuzi. Among my strong suits are the decomposition of reality, the hyperbolisation of uncommonness, ballet, Latin American dancing, shot put, intellectually objectivised theatricalisations of verbal metaphors or jokes, finding inspiring references in The Little Mermaid (Disney, 1989), tenaciousness, and gentleness. I did not write this myself, otherwise I would have been a little more objective.<\/p>\n\n\n\n<div aria-hidden=\"true\" class=\"wp-block-fsb-flexible-spacer fsb-flexible-spacer\"><div class=\"fsb-flexible-spacer__device fsb-flexible-spacer__device--lg\" style=\"height:20px\"><\/div><div class=\"fsb-flexible-spacer__device fsb-flexible-spacer__device--md\" style=\"height:20px\"><\/div><div class=\"fsb-flexible-spacer__device fsb-flexible-spacer__device--sm\" style=\"height:20px\"><\/div><\/div>\n<\/div>\n<\/div>\n\n\n\n<div class=\"wp-block-columns vetsi-mezera is-layout-flex wp-container-core-columns-is-layout-9d6595d7 wp-block-columns-is-layout-flex\">\n<div class=\"wp-block-column is-layout-flow wp-block-column-is-layout-flow\"><div class=\"wp-block-image multiply\">\n<figure class=\"aligncenter size-full\"><img loading=\"lazy\" decoding=\"async\" width=\"321\" height=\"279\" src=\"https:\/\/8lidi.cz\/wp-content\/uploads\/2022\/09\/vendula-tomsu.jpg\" alt=\"\" class=\"wp-image-1845\" srcset=\"https:\/\/8lidi.cz\/wp-content\/uploads\/2022\/09\/vendula-tomsu.jpg 321w, https:\/\/8lidi.cz\/wp-content\/uploads\/2022\/09\/vendula-tomsu-300x261.jpg 300w\" sizes=\"auto, (max-width: 321px) 100vw, 321px\" \/><\/figure>\n<\/div>\n\n\n<div aria-hidden=\"true\" class=\"wp-block-fsb-flexible-spacer fsb-flexible-spacer\"><div class=\"fsb-flexible-spacer__device fsb-flexible-spacer__device--lg\" style=\"height:1px\"><\/div><div class=\"fsb-flexible-spacer__device fsb-flexible-spacer__device--md\" style=\"height:1px\"><\/div><div class=\"fsb-flexible-spacer__device fsb-flexible-spacer__device--sm\" style=\"height:1px\"><\/div><\/div>\n\n\n\n<h2 class=\"wp-block-heading\">Vendula Tom\u0161\u016f<\/h2>\n\n\n\n<p>A witch from the Moravian hillside who has travelled half the world. The only member of 8lid\u00ed who has mastered Japanese. She can cook an Indian dal for ten or more people. Her dexterous hands can turn even a little thing into beauty. She is handy (as if she were born with tools in her hands), has a keen eye for detail, and does everything she does in accordance with the order of nature.&nbsp;<\/p>\n\n\n\n<div aria-hidden=\"true\" class=\"wp-block-fsb-flexible-spacer fsb-flexible-spacer\"><div class=\"fsb-flexible-spacer__device fsb-flexible-spacer__device--lg\" style=\"height:20px\"><\/div><div class=\"fsb-flexible-spacer__device fsb-flexible-spacer__device--md\" style=\"height:20px\"><\/div><div class=\"fsb-flexible-spacer__device fsb-flexible-spacer__device--sm\" style=\"height:28px\"><\/div><\/div>\n<\/div>\n\n\n\n<div class=\"wp-block-column is-layout-flow wp-block-column-is-layout-flow\"><div class=\"wp-block-image multiply\">\n<figure class=\"aligncenter size-full\"><img loading=\"lazy\" decoding=\"async\" width=\"321\" height=\"279\" src=\"https:\/\/8lidi.cz\/wp-content\/uploads\/2022\/09\/viktorie-vasova.jpg\" alt=\"\" class=\"wp-image-1844\" srcset=\"https:\/\/8lidi.cz\/wp-content\/uploads\/2022\/09\/viktorie-vasova.jpg 321w, https:\/\/8lidi.cz\/wp-content\/uploads\/2022\/09\/viktorie-vasova-300x261.jpg 300w\" sizes=\"auto, (max-width: 321px) 100vw, 321px\" \/><\/figure>\n<\/div>\n\n\n<div aria-hidden=\"true\" class=\"wp-block-fsb-flexible-spacer fsb-flexible-spacer\"><div class=\"fsb-flexible-spacer__device fsb-flexible-spacer__device--lg\" style=\"height:1px\"><\/div><div class=\"fsb-flexible-spacer__device fsb-flexible-spacer__device--md\" style=\"height:1px\"><\/div><div class=\"fsb-flexible-spacer__device fsb-flexible-spacer__device--sm\" style=\"height:1px\"><\/div><\/div>\n\n\n\n<h2 class=\"wp-block-heading\">Viktorie V\u00e1\u0161ov\u00e1<\/h2>\n\n\n\n<p>a.k.a. Viktorka \u2013 never ever Viky!<\/p>\n\n\n\n<p>You could say she is one of the most diligent ants in the anthill. You can count on her, she volunteers even for unpopular tasks and is always present and ready. And what\u2019s more \u2013 unlike most of 8lid\u00ed, she knows how to count! She introduces tenderness and poetic elements into the creative process, searching for these in the world of science. Few people know that she can blow the French horn, that her home looks like a jungle of house plants, and that she spends her free time practising relief printing.<\/p>\n\n\n\n<div aria-hidden=\"true\" class=\"wp-block-fsb-flexible-spacer fsb-flexible-spacer\"><div class=\"fsb-flexible-spacer__device fsb-flexible-spacer__device--lg\" style=\"height:20px\"><\/div><div class=\"fsb-flexible-spacer__device fsb-flexible-spacer__device--md\" style=\"height:20px\"><\/div><div class=\"fsb-flexible-spacer__device fsb-flexible-spacer__device--sm\" style=\"height:20px\"><\/div><\/div>\n<\/div>\n<\/div>\n\n\n\n<p><\/p>\n","protected":false},"excerpt":{"rendered":"<p>Petr Erbes Within the group, Petr is known as a passionate guitarist, an ingenious inventor of boardgames and computer games, a curious fan of history, and a self-assured, devilish driver. He also has a collection of original topics up his sleeves, all inviting you to turn them into theatre or another form of art. Few [&hellip;]<\/p>\n","protected":false},"author":1,"featured_media":0,"parent":0,"menu_order":0,"comment_status":"closed","ping_status":"closed","template":"","meta":{"_acf_changed":false,"inline_featured_image":false,"footnotes":""},"class_list":["post-1243","page","type-page","status-publish","hentry"],"acf":[],"_links":{"self":[{"href":"https:\/\/8lidi.cz\/en\/wp-json\/wp\/v2\/pages\/1243","targetHints":{"allow":["GET"]}}],"collection":[{"href":"https:\/\/8lidi.cz\/en\/wp-json\/wp\/v2\/pages"}],"about":[{"href":"https:\/\/8lidi.cz\/en\/wp-json\/wp\/v2\/types\/page"}],"author":[{"embeddable":true,"href":"https:\/\/8lidi.cz\/en\/wp-json\/wp\/v2\/users\/1"}],"replies":[{"embeddable":true,"href":"https:\/\/8lidi.cz\/en\/wp-json\/wp\/v2\/comments?post=1243"}],"version-history":[{"count":4,"href":"https:\/\/8lidi.cz\/en\/wp-json\/wp\/v2\/pages\/1243\/revisions"}],"predecessor-version":[{"id":1861,"href":"https:\/\/8lidi.cz\/en\/wp-json\/wp\/v2\/pages\/1243\/revisions\/1861"}],"wp:attachment":[{"href":"https:\/\/8lidi.cz\/en\/wp-json\/wp\/v2\/media?parent=1243"}],"curies":[{"name":"wp","href":"https:\/\/api.w.org\/{rel}","templated":true}]}}