{"id":1244,"date":"2022-04-24T13:01:37","date_gmt":"2022-04-24T11:01:37","guid":{"rendered":"http:\/\/8lidi.cz\/domains\/8lidi.cz\/educ8people\/"},"modified":"2025-01-30T18:20:47","modified_gmt":"2025-01-30T17:20:47","slug":"educ8people","status":"publish","type":"page","link":"https:\/\/8lidi.cz\/en\/educ8people\/","title":{"rendered":"Educ8people"},"content":{"rendered":"<div class=\"osm-lidi-block-slider\" id=\"osm-lidi-block-slider-block_a38b8bd11d610dbd09a69c41ec46e7b4\">\n            <div class=\"slide\">\n            <img data-flickity-lazyload=\"\" data-desktop-src=\"https:\/\/8lidi.cz\/wp-content\/uploads\/2025\/01\/8lidi-divadelni-sauna-web-banner-1920x800px-v1-aspect-ratio-1170-355-4.jpg\" data-mobile-src=\"https:\/\/8lidi.cz\/wp-content\/uploads\/2025\/01\/8lidi-divadelni-sauna-web-banner-1920x800px-v1-aspect-ratio-767-479-4.jpg\" data-desktop-width=\"1170\" data-desktop-height=\"355\" data-mobile-width=\"767\" data-mobile-height=\"479\" width=\"\" height=\"\" alt=\"\">\n        <\/div>\n            <div class=\"slide\">\n            <img data-flickity-lazyload=\"\" data-desktop-src=\"https:\/\/8lidi.cz\/wp-content\/uploads\/2022\/08\/IMG_8033-scaled-aspect-ratio-1170-355.jpg\" data-mobile-src=\"https:\/\/8lidi.cz\/wp-content\/uploads\/2022\/08\/IMG_8033-scaled-aspect-ratio-767-479.jpg\" data-desktop-width=\"1170\" data-desktop-height=\"355\" data-mobile-width=\"767\" data-mobile-height=\"479\" width=\"\" height=\"\" alt=\"\">\n        <\/div>\n            <div class=\"slide\">\n            <img data-flickity-lazyload=\"\" data-desktop-src=\"https:\/\/8lidi.cz\/wp-content\/uploads\/2022\/08\/IMG_7985-scaled-aspect-ratio-1170-355.jpg\" data-mobile-src=\"https:\/\/8lidi.cz\/wp-content\/uploads\/2022\/08\/IMG_7985-scaled-aspect-ratio-767-479.jpg\" data-desktop-width=\"1170\" data-desktop-height=\"355\" data-mobile-width=\"767\" data-mobile-height=\"479\" width=\"\" height=\"\" alt=\"\">\n        <\/div>\n            <div class=\"slide\">\n            <img data-flickity-lazyload=\"\" data-desktop-src=\"https:\/\/8lidi.cz\/wp-content\/uploads\/2022\/08\/IMG_8355-scaled-aspect-ratio-1170-355.jpg\" data-mobile-src=\"https:\/\/8lidi.cz\/wp-content\/uploads\/2022\/08\/IMG_8355-scaled-aspect-ratio-767-479.jpg\" data-desktop-width=\"1170\" data-desktop-height=\"355\" data-mobile-width=\"767\" data-mobile-height=\"479\" width=\"\" height=\"\" alt=\"\">\n        <\/div>\n            <div class=\"slide\">\n            <img data-flickity-lazyload=\"\" data-desktop-src=\"https:\/\/8lidi.cz\/wp-content\/uploads\/2022\/08\/IMG_8333-scaled-aspect-ratio-1170-355.jpg\" data-mobile-src=\"https:\/\/8lidi.cz\/wp-content\/uploads\/2022\/08\/IMG_8333-scaled-aspect-ratio-767-479.jpg\" data-desktop-width=\"1170\" data-desktop-height=\"355\" data-mobile-width=\"767\" data-mobile-height=\"479\" width=\"\" height=\"\" alt=\"\">\n        <\/div>\n    <\/div>\n\n\n\n\n<div aria-hidden=\"true\" class=\"wp-block-fsb-flexible-spacer fsb-flexible-spacer\"><div class=\"fsb-flexible-spacer__device fsb-flexible-spacer__device--lg\" style=\"height:15px\"><\/div><div class=\"fsb-flexible-spacer__device fsb-flexible-spacer__device--md\" style=\"height:15px\"><\/div><div class=\"fsb-flexible-spacer__device fsb-flexible-spacer__device--sm\" style=\"height:0px\"><\/div><\/div>\n\n\n\n<div class=\"wp-block-columns is-layout-flex wp-container-core-columns-is-layout-9d6595d7 wp-block-columns-is-layout-flex\">\n<div class=\"wp-block-column is-layout-flow wp-block-column-is-layout-flow\">\n<p>EDUC8PEOPLE is a series of workshops and lectures that 8lid\u00ed organises both for the general public and for the internal needs of the group. The seminars and meetings often concern fields related to theatre, such as new media, sociology, psychology, history, anthropology, and other disciplines.&nbsp;<\/p>\n\n\n\n<p>EDUC8PEOPLE arises from a desire to learn together and meet inspiring people outside our group, as well as a need to care for the inner health and dynamism of the group.<\/p>\n\n\n\n<p>EDUC8PEOPLE meetings are either public or private. The public events serve to generate encounters and open discussions, while the private events are mostly intended for the internal needs of the group.<\/p>\n\n\n\n<p>You can read the texts created as part of EDUC8PEOPLE in the <a href=\"https:\/\/8lidi.cz\/en\/zapisnik\/\" data-type=\"page\" data-id=\"748\">8lid\u00ed Notebook<\/a>.<\/p>\n\n\n\n<div aria-hidden=\"true\" class=\"wp-block-fsb-flexible-spacer fsb-flexible-spacer\"><div class=\"fsb-flexible-spacer__device fsb-flexible-spacer__device--lg\" style=\"height:40px\"><\/div><div class=\"fsb-flexible-spacer__device fsb-flexible-spacer__device--md\" style=\"height:38px\"><\/div><div class=\"fsb-flexible-spacer__device fsb-flexible-spacer__device--sm\" style=\"height:40px\"><\/div><\/div>\n<\/div>\n\n\n\n<div class=\"wp-block-column is-vertically-aligned-center is-layout-flow wp-block-column-is-layout-flow\"><div class=\"wp-block-image multiply\">\n<figure class=\"aligncenter size-full is-resized\"><img loading=\"lazy\" decoding=\"async\" width=\"320\" height=\"271\" src=\"https:\/\/8lidi.cz\/wp-content\/uploads\/2022\/04\/sideflip_pres_osm_lidi_alt.jpg\" alt=\"\" class=\"wp-image-621\" style=\"width:320px;height:271px\" srcset=\"https:\/\/8lidi.cz\/wp-content\/uploads\/2022\/04\/sideflip_pres_osm_lidi_alt.jpg 320w, https:\/\/8lidi.cz\/wp-content\/uploads\/2022\/04\/sideflip_pres_osm_lidi_alt-300x254.jpg 300w\" sizes=\"auto, (max-width: 320px) 100vw, 320px\" \/><\/figure>\n<\/div><\/div>\n<\/div>\n\n\n\n<p>The series of EDUC8PEOPLE in 2021\/22, which focused on the relationship between the Czech Republic and the Near East and the arms business, continues with further lectures in the Autumn of 2022.<\/p>\n\n\n\n<p>The lecture series is part of the creative process of a theatrical project titled Our Weapons \u2013 a collaboration between the 8lid\u00ed theatre group and artist Ji\u0159\u00ed \u017d\u00e1k. The project focuses on the past and present of the Czech arms industry. It follows the history of Czech weaponry as a means for creating diplomatic relations, particularly regarding export to the Middle East, especially Syria. Through the performative possibilities of theatre, the artists will explore the influence of the Czech Republic, a small, semi-peripheral state in the middle of Europe, on military conflicts in today\u2019s world.<\/p>\n\n\n\n<p>The lectures are organised in collaboration with the Display Gallery and with the financial support of Prague City Hall.<\/p>\n\n\n\n<div aria-hidden=\"true\" class=\"wp-block-fsb-flexible-spacer fsb-flexible-spacer\"><div class=\"fsb-flexible-spacer__device fsb-flexible-spacer__device--lg\" style=\"height:60px\"><\/div><div class=\"fsb-flexible-spacer__device fsb-flexible-spacer__device--md\" style=\"height:60px\"><\/div><div class=\"fsb-flexible-spacer__device fsb-flexible-spacer__device--sm\" style=\"height:0px\"><\/div><\/div>\n\n\n\n\n\n<div aria-hidden=\"true\" class=\"wp-block-fsb-flexible-spacer fsb-flexible-spacer\"><div class=\"fsb-flexible-spacer__device fsb-flexible-spacer__device--lg\" style=\"height:50px\"><\/div><div class=\"fsb-flexible-spacer__device fsb-flexible-spacer__device--md\" style=\"height:50px\"><\/div><div class=\"fsb-flexible-spacer__device fsb-flexible-spacer__device--sm\" style=\"height:50px\"><\/div><\/div>\n\n\n<div class=\"osm-lidi-block-educate\" id=\"osm-lidi-block-educate-block_08a38ff767df9c8aa96f1bf5da12490b\">\n    <h2>Past<\/h2>\n    <div aria-hidden=\"true\" class=\"wp-block-fsb-flexible-spacer fsb-flexible-spacer\">\n        <div class=\"fsb-flexible-spacer__device fsb-flexible-spacer__device--lg\" style=\"height:10px\"><\/div>\n        <div class=\"fsb-flexible-spacer__device fsb-flexible-spacer__device--md\" style=\"height:10px\"><\/div>\n        <div class=\"fsb-flexible-spacer__device fsb-flexible-spacer__device--sm\" style=\"height:10px\"><\/div>\n    <\/div>\n    <div class=\"wp-block-columns educate\">\n                <div class=\"wp-block-column educate-single\">\n            <a href=\"https:\/\/8lidi.cz\/en\/educ8people\/divadelni-sauna\/\">\n                <figure class=\"wp-block-image\">\n                                            <img loading=\"lazy\" decoding=\"async\" width=\"734\" height=\"1038\" src=\"https:\/\/8lidi.cz\/wp-content\/uploads\/2025\/01\/8lidi-divadelni-sauna-plakat-A2-v1-mail-RGB-734x1038.jpg\" class=\"attachment-poster-thumbnail size-poster-thumbnail wp-post-image\" alt=\"\" srcset=\"https:\/\/8lidi.cz\/wp-content\/uploads\/2025\/01\/8lidi-divadelni-sauna-plakat-A2-v1-mail-RGB-734x1038.jpg 734w, https:\/\/8lidi.cz\/wp-content\/uploads\/2025\/01\/8lidi-divadelni-sauna-plakat-A2-v1-mail-RGB-212x300.jpg 212w, https:\/\/8lidi.cz\/wp-content\/uploads\/2025\/01\/8lidi-divadelni-sauna-plakat-A2-v1-mail-RGB-724x1024.jpg 724w, https:\/\/8lidi.cz\/wp-content\/uploads\/2025\/01\/8lidi-divadelni-sauna-plakat-A2-v1-mail-RGB-768x1086.jpg 768w, https:\/\/8lidi.cz\/wp-content\/uploads\/2025\/01\/8lidi-divadelni-sauna-plakat-A2-v1-mail-RGB-1086x1536.jpg 1086w, https:\/\/8lidi.cz\/wp-content\/uploads\/2025\/01\/8lidi-divadelni-sauna-plakat-A2-v1-mail-RGB-1448x2048.jpg 1448w, https:\/\/8lidi.cz\/wp-content\/uploads\/2025\/01\/8lidi-divadelni-sauna-plakat-A2-v1-mail-RGB-scaled.jpg 1810w\" sizes=\"auto, (max-width: 734px) 100vw, 734px\" \/>                                    <\/figure>\n                <h3>Divadeln\u00ed sauna<\/h3>\n            <\/a>\n        <\/div>\n                <div class=\"wp-block-column educate-single\">\n            <a href=\"https:\/\/8lidi.cz\/en\/educ8people\/jaroslav-knichal-buh-a-valka\/\">\n                <figure class=\"wp-block-image\">\n                                            <img loading=\"lazy\" decoding=\"async\" width=\"734\" height=\"1038\" src=\"https:\/\/8lidi.cz\/wp-content\/uploads\/2022\/10\/8lidi-zbrane-4-knichal-web-vertical-734x1038.png\" class=\"attachment-poster-thumbnail size-poster-thumbnail wp-post-image\" alt=\"\" srcset=\"https:\/\/8lidi.cz\/wp-content\/uploads\/2022\/10\/8lidi-zbrane-4-knichal-web-vertical-734x1038.png 734w, https:\/\/8lidi.cz\/wp-content\/uploads\/2022\/10\/8lidi-zbrane-4-knichal-web-vertical-212x300.png 212w, https:\/\/8lidi.cz\/wp-content\/uploads\/2022\/10\/8lidi-zbrane-4-knichal-web-vertical-724x1024.png 724w, https:\/\/8lidi.cz\/wp-content\/uploads\/2022\/10\/8lidi-zbrane-4-knichal-web-vertical-768x1086.png 768w, https:\/\/8lidi.cz\/wp-content\/uploads\/2022\/10\/8lidi-zbrane-4-knichal-web-vertical-1086x1536.png 1086w, https:\/\/8lidi.cz\/wp-content\/uploads\/2022\/10\/8lidi-zbrane-4-knichal-web-vertical-1448x2048.png 1448w, https:\/\/8lidi.cz\/wp-content\/uploads\/2022\/10\/8lidi-zbrane-4-knichal-web-vertical.png 1920w\" sizes=\"auto, (max-width: 734px) 100vw, 734px\" \/>                                    <\/figure>\n                <h3>Jaroslav Knichal: God and War<\/h3>\n            <\/a>\n        <\/div>\n                <div class=\"wp-block-column educate-single\">\n            <a href=\"https:\/\/8lidi.cz\/en\/educ8people\/jak-ceskoslovenske-zbrane-menily-blizky-vychod-v-peti-obrazech-a-jedne-otazce\/\">\n                <figure class=\"wp-block-image\">\n                                            <img loading=\"lazy\" decoding=\"async\" width=\"734\" height=\"1038\" src=\"https:\/\/8lidi.cz\/wp-content\/uploads\/2022\/10\/8lidi-zbrane-4-hesova-web-vertical-734x1038.png\" class=\"attachment-poster-thumbnail size-poster-thumbnail wp-post-image\" alt=\"\" srcset=\"https:\/\/8lidi.cz\/wp-content\/uploads\/2022\/10\/8lidi-zbrane-4-hesova-web-vertical-734x1038.png 734w, https:\/\/8lidi.cz\/wp-content\/uploads\/2022\/10\/8lidi-zbrane-4-hesova-web-vertical-212x300.png 212w, https:\/\/8lidi.cz\/wp-content\/uploads\/2022\/10\/8lidi-zbrane-4-hesova-web-vertical-724x1024.png 724w, https:\/\/8lidi.cz\/wp-content\/uploads\/2022\/10\/8lidi-zbrane-4-hesova-web-vertical-768x1086.png 768w, https:\/\/8lidi.cz\/wp-content\/uploads\/2022\/10\/8lidi-zbrane-4-hesova-web-vertical-1086x1536.png 1086w, https:\/\/8lidi.cz\/wp-content\/uploads\/2022\/10\/8lidi-zbrane-4-hesova-web-vertical-1448x2048.png 1448w, https:\/\/8lidi.cz\/wp-content\/uploads\/2022\/10\/8lidi-zbrane-4-hesova-web-vertical.png 1920w\" sizes=\"auto, (max-width: 734px) 100vw, 734px\" \/>                                    <\/figure>\n                <h3>Zora Hesov\u00e1: How Czechoslovak weapons changed the Middle East in five pictures and one question<\/h3>\n            <\/a>\n        <\/div>\n            <\/div>\n        <div class=\"wp-block-buttons load-more-wrapper\">\n        <div class=\"wp-block-button\">\n            <button class=\"wp-block-button__link\" data-page=\"2\" data-type=\"educate\" data-show=\"3\" data-time=\"past\" data-text=\"More\" data-loading-text=\"Loading\">\n                <span>\n                    <svg xmlns=\"http:\/\/www.w3.org\/2000\/svg\" viewBox=\"0 0 512 512\"><path d=\"M304 48c0 26.51-21.49 48-48 48s-48-21.49-48-48 21.49-48 48-48 48 21.49 48 48zm-48 368c-26.51 0-48 21.49-48 48s21.49 48 48 48 48-21.49 48-48-21.49-48-48-48zm208-208c-26.51 0-48 21.49-48 48s21.49 48 48 48 48-21.49 48-48-21.49-48-48-48zM96 256c0-26.51-21.49-48-48-48S0 229.49 0 256s21.49 48 48 48 48-21.49 48-48zm12.922 99.078c-26.51 0-48 21.49-48 48s21.49 48 48 48 48-21.49 48-48c0-26.509-21.491-48-48-48zm294.156 0c-26.51 0-48 21.49-48 48s21.49 48 48 48 48-21.49 48-48c0-26.509-21.49-48-48-48zM108.922 60.922c-26.51 0-48 21.49-48 48s21.49 48 48 48 48-21.49 48-48-21.491-48-48-48z\"\/><\/svg>                    <span>More<\/span>\n                <\/span>\n            <\/button>\n        <\/div>\n    <\/div>\n    <\/div>\n\n\n\n<div aria-hidden=\"true\" class=\"wp-block-fsb-flexible-spacer fsb-flexible-spacer\"><div class=\"fsb-flexible-spacer__device fsb-flexible-spacer__device--lg\" style=\"height:60px\"><\/div><div class=\"fsb-flexible-spacer__device fsb-flexible-spacer__device--md\" style=\"height:60px\"><\/div><div class=\"fsb-flexible-spacer__device fsb-flexible-spacer__device--sm\" style=\"height:60px\"><\/div><\/div>\n","protected":false},"excerpt":{"rendered":"<p>EDUC8PEOPLE is a series of workshops and lectures that 8lid\u00ed organises both for the general public and for the internal needs of the group. The seminars and meetings often concern fields related to theatre, such as new media, sociology, psychology, history, anthropology, and other disciplines.&nbsp; EDUC8PEOPLE arises from a desire to learn together and meet [&hellip;]<\/p>\n","protected":false},"author":1,"featured_media":0,"parent":0,"menu_order":0,"comment_status":"closed","ping_status":"closed","template":"","meta":{"_acf_changed":false,"inline_featured_image":false,"footnotes":""},"class_list":["post-1244","page","type-page","status-publish","hentry"],"acf":[],"_links":{"self":[{"href":"https:\/\/8lidi.cz\/en\/wp-json\/wp\/v2\/pages\/1244","targetHints":{"allow":["GET"]}}],"collection":[{"href":"https:\/\/8lidi.cz\/en\/wp-json\/wp\/v2\/pages"}],"about":[{"href":"https:\/\/8lidi.cz\/en\/wp-json\/wp\/v2\/types\/page"}],"author":[{"embeddable":true,"href":"https:\/\/8lidi.cz\/en\/wp-json\/wp\/v2\/users\/1"}],"replies":[{"embeddable":true,"href":"https:\/\/8lidi.cz\/en\/wp-json\/wp\/v2\/comments?post=1244"}],"version-history":[{"count":6,"href":"https:\/\/8lidi.cz\/en\/wp-json\/wp\/v2\/pages\/1244\/revisions"}],"predecessor-version":[{"id":2624,"href":"https:\/\/8lidi.cz\/en\/wp-json\/wp\/v2\/pages\/1244\/revisions\/2624"}],"wp:attachment":[{"href":"https:\/\/8lidi.cz\/en\/wp-json\/wp\/v2\/media?parent=1244"}],"curies":[{"name":"wp","href":"https:\/\/api.w.org\/{rel}","templated":true}]}}