{"id":1245,"date":"2022-05-01T10:48:32","date_gmt":"2022-05-01T08:48:32","guid":{"rendered":"http:\/\/8lidi.cz\/domains\/8lidi.cz\/galerie\/"},"modified":"2022-08-08T00:28:18","modified_gmt":"2022-08-07T22:28:18","slug":"gallery","status":"publish","type":"page","link":"https:\/\/8lidi.cz\/en\/gallery\/","title":{"rendered":"Gallery"},"content":{"rendered":"\n<div aria-hidden=\"true\" class=\"wp-block-fsb-flexible-spacer fsb-flexible-spacer\"><div class=\"fsb-flexible-spacer__device fsb-flexible-spacer__device--lg\" style=\"height:15px\"><\/div><div class=\"fsb-flexible-spacer__device fsb-flexible-spacer__device--md\" style=\"height:10px\"><\/div><div class=\"fsb-flexible-spacer__device fsb-flexible-spacer__device--sm\" style=\"height:0\"><\/div><\/div>\n\n\n<div class=\"osm-lidi-block-gallery\" id=\"osm-lidi-block-gallery-block_62f0149ef42f8\">\n    <h2>Photos<\/h2>\n    <div aria-hidden=\"true\" class=\"wp-block-fsb-flexible-spacer fsb-flexible-spacer\">\n        <div class=\"fsb-flexible-spacer__device fsb-flexible-spacer__device--lg\" style=\"height:10px\"><\/div>\n        <div class=\"fsb-flexible-spacer__device fsb-flexible-spacer__device--md\" style=\"height:10px\"><\/div>\n        <div class=\"fsb-flexible-spacer__device fsb-flexible-spacer__device--sm\" style=\"height:10px\"><\/div>\n    <\/div>\n    <div class=\"wp-block-columns gallery photo-ajax-gallery\">\n                        <div class=\"wp-block-column single-gallery photo-ajax-single-gallery\">\n                    <a href=\"https:\/\/8lidi.cz\/wp-content\/uploads\/2022\/05\/Kopie-souboru-KIV06184-scaled.jpg\" class=\"glightbox-ajax\" data-gallery-ids=\"933,1341,1367,935,936,937,938,939,940,941,942,943,945,951,952,953,954,957,960,961,962,963,964,965,966,967,968,969,971,972,973,974,975,976,977\" data-title=\"Kleopatra\">\n                                                <figure class=\"wp-block-image\">\n                            <img decoding=\"async\" src=\"https:\/\/8lidi.cz\/wp-content\/uploads\/2022\/05\/Kopie-souboru-KIV06184-734x414.jpg\" alt=\"Kleopatra\">\n                        <\/figure>\n                                                <h3>Kleopatra<\/h3>\n                    <\/a>\n                <\/div>\n                                <div class=\"wp-block-column single-gallery photo-ajax-single-gallery\">\n                    <a href=\"https:\/\/8lidi.cz\/wp-content\/uploads\/2022\/05\/IMG_1533_Oskar-Helcl.jpg\" class=\"glightbox-ajax\" data-gallery-ids=\"1344,1369,988,990,991,992,993,994,995,996\" data-title=\"La Moneda\">\n                                                <figure class=\"wp-block-image\">\n                            <img decoding=\"async\" src=\"https:\/\/8lidi.cz\/wp-content\/uploads\/2022\/05\/IMG_1533_Oskar-Helcl-734x414.jpg\" alt=\"La Moneda\">\n                        <\/figure>\n                                                <h3>La Moneda<\/h3>\n                    <\/a>\n                <\/div>\n                                <div class=\"wp-block-column single-gallery photo-ajax-single-gallery\">\n                    <a href=\"https:\/\/8lidi.cz\/wp-content\/uploads\/2022\/05\/MG_9601_Oskar-Helcl.jpg\" class=\"glightbox-ajax\" data-gallery-ids=\"1015,1259,1353,1016,1017,1018,1019,1020,1021,1022\" data-title=\"Sametov\u00e1 simulace: Feder\u00e1l\">\n                                                <figure class=\"wp-block-image\">\n                            <img decoding=\"async\" src=\"https:\/\/8lidi.cz\/wp-content\/uploads\/2022\/05\/MG_9601_Oskar-Helcl-734x414.jpg\" alt=\"Sametov\u00e1 simulace: Feder\u00e1l\">\n                        <\/figure>\n                                                <h3>Sametov\u00e1 simulace: Feder\u00e1l<\/h3>\n                    <\/a>\n                <\/div>\n                                <div class=\"wp-block-column single-gallery photo-ajax-single-gallery\">\n                    <a href=\"https:\/\/8lidi.cz\/wp-content\/uploads\/2022\/05\/DSC03345_Oliver-Prochazka-scaled.jpg\" class=\"glightbox-ajax\" data-gallery-ids=\"1012,1261,1339,1007,1008,1009,1010,1011\" data-title=\"Press Paradox\">\n                                                <figure class=\"wp-block-image\">\n                            <img decoding=\"async\" src=\"https:\/\/8lidi.cz\/wp-content\/uploads\/2022\/05\/DSC03345_Oliver-Prochazka-734x414.jpg\" alt=\"Press Paradox\">\n                        <\/figure>\n                                                <h3>Press Paradox<\/h3>\n                    <\/a>\n                <\/div>\n                                <div class=\"wp-block-column single-gallery photo-ajax-single-gallery\">\n                    <a href=\"https:\/\/8lidi.cz\/wp-content\/uploads\/2022\/05\/Nezbedny-bakalar_Oskar_001.jpg\" class=\"glightbox-ajax\" data-gallery-ids=\"1002,1348,1004\" data-title=\"Nezbedn\u00fd bakal\u00e1\u0159\">\n                                                <figure class=\"wp-block-image\">\n                            <img decoding=\"async\" src=\"https:\/\/8lidi.cz\/wp-content\/uploads\/2022\/05\/Nezbedny-bakalar_Oskar_001-734x414.jpg\" alt=\"Nezbedn\u00fd bakal\u00e1\u0159\">\n                        <\/figure>\n                                                <h3>Nezbedn\u00fd bakal\u00e1\u0159<\/h3>\n                    <\/a>\n                <\/div>\n                                <div class=\"wp-block-column single-gallery photo-ajax-single-gallery\">\n                    <a href=\"https:\/\/8lidi.cz\/wp-content\/uploads\/2022\/05\/Drobty_01.jpeg\" class=\"glightbox-ajax\" data-gallery-ids=\"1350,930,931\" data-title=\"Drobty nebesk\u00e9ho chleba\">\n                                                <figure class=\"wp-block-image\">\n                            <img decoding=\"async\" src=\"https:\/\/8lidi.cz\/wp-content\/uploads\/2022\/05\/Drobty_01-734x414.jpeg\" alt=\"Drobty nebesk\u00e9ho chleba\">\n                        <\/figure>\n                                                <h3>Drobty nebesk\u00e9ho chleba<\/h3>\n                    <\/a>\n                <\/div>\n                    <\/div>\n        <div class=\"wp-block-buttons load-more-wrapper\">\n        <div class=\"wp-block-button\">\n            <button class=\"wp-block-button__link\" data-page=\"2\" data-type=\"gallery\" data-category=\"photo\" data-show=\"6\" data-text=\"More\" data-loading-text=\"Loading\">\n                <span>\n                    <svg xmlns=\"http:\/\/www.w3.org\/2000\/svg\" viewBox=\"0 0 512 512\"><path d=\"M304 48c0 26.51-21.49 48-48 48s-48-21.49-48-48 21.49-48 48-48 48 21.49 48 48zm-48 368c-26.51 0-48 21.49-48 48s21.49 48 48 48 48-21.49 48-48-21.49-48-48-48zm208-208c-26.51 0-48 21.49-48 48s21.49 48 48 48 48-21.49 48-48-21.49-48-48-48zM96 256c0-26.51-21.49-48-48-48S0 229.49 0 256s21.49 48 48 48 48-21.49 48-48zm12.922 99.078c-26.51 0-48 21.49-48 48s21.49 48 48 48 48-21.49 48-48c0-26.509-21.491-48-48-48zm294.156 0c-26.51 0-48 21.49-48 48s21.49 48 48 48 48-21.49 48-48c0-26.509-21.49-48-48-48zM108.922 60.922c-26.51 0-48 21.49-48 48s21.49 48 48 48 48-21.49 48-48-21.491-48-48-48z\"\/><\/svg>                    <span>More<\/span>\n                <\/span>\n            <\/button>\n        <\/div>\n    <\/div>\n    <\/div>\n\n\n\n<div aria-hidden=\"true\" class=\"wp-block-fsb-flexible-spacer fsb-flexible-spacer\"><div class=\"fsb-flexible-spacer__device fsb-flexible-spacer__device--lg\" style=\"height:40px\"><\/div><div class=\"fsb-flexible-spacer__device fsb-flexible-spacer__device--md\" style=\"height:40px\"><\/div><div class=\"fsb-flexible-spacer__device fsb-flexible-spacer__device--sm\" style=\"height:40px\"><\/div><\/div>\n\n\n<div class=\"osm-lidi-block-gallery\" id=\"osm-lidi-block-gallery-block_626e567db9ee7\">\n    <h2>Videos<\/h2>\n    <div aria-hidden=\"true\" class=\"wp-block-fsb-flexible-spacer fsb-flexible-spacer\">\n        <div class=\"fsb-flexible-spacer__device fsb-flexible-spacer__device--lg\" style=\"height:10px\"><\/div>\n        <div class=\"fsb-flexible-spacer__device fsb-flexible-spacer__device--md\" style=\"height:10px\"><\/div>\n        <div class=\"fsb-flexible-spacer__device fsb-flexible-spacer__device--sm\" style=\"height:10px\"><\/div>\n    <\/div>\n    <div class=\"wp-block-columns gallery video-ajax-gallery\">\n                        <div class=\"wp-block-column single-gallery video-ajax-single-gallery\">\n                    <a href=\"https:\/\/www.youtube.com\/watch?v=iHfEKDUZ2ag&#038;feature=youtu.be\" class=\"glightbox-ajax\">\n                                                <figure class=\"wp-block-image video-thumbnail\">\n                            <img decoding=\"async\" src=\"https:\/\/img.youtube.com\/vi\/iHfEKDUZ2ag\/hqdefault.jpg\" alt=\"Recording Velvet Simulation: The Federal\">\n                            <svg width=\"73\" height=\"73\" viewBox=\"0 0 73 73\" fill=\"none\" xmlns=\"http:\/\/www.w3.org\/2000\/svg\">\n<circle opacity=\"0.8\" cx=\"36.3333\" cy=\"36.6673\" r=\"34.6667\" stroke=\"white\" stroke-width=\"3.33333\"\/>\n<path opacity=\"0.8\" d=\"M63.6953 36.6681L19.9607 61.9183L19.9607 11.4179L63.6953 36.6681Z\" fill=\"white\"\/>\n<\/svg>                        <\/figure>\n                                                <h3>Recording Velvet Simulation: The Federal<\/h3>\n                    <\/a>\n                <\/div>\n                                <div class=\"wp-block-column single-gallery video-ajax-single-gallery\">\n                    <a href=\"https:\/\/www.youtube.com\/watch?v=PuFrdBmCVd0&#038;feature=youtu.be\" class=\"glightbox-ajax\">\n                                                <figure class=\"wp-block-image video-thumbnail\">\n                            <img decoding=\"async\" src=\"https:\/\/img.youtube.com\/vi\/PuFrdBmCVd0\/hqdefault.jpg\" alt=\"Trailer Press paradox\">\n                            <svg width=\"73\" height=\"73\" viewBox=\"0 0 73 73\" fill=\"none\" xmlns=\"http:\/\/www.w3.org\/2000\/svg\">\n<circle opacity=\"0.8\" cx=\"36.3333\" cy=\"36.6673\" r=\"34.6667\" stroke=\"white\" stroke-width=\"3.33333\"\/>\n<path opacity=\"0.8\" d=\"M63.6953 36.6681L19.9607 61.9183L19.9607 11.4179L63.6953 36.6681Z\" fill=\"white\"\/>\n<\/svg>                        <\/figure>\n                                                <h3>Trailer Press paradox<\/h3>\n                    <\/a>\n                <\/div>\n                                <div class=\"wp-block-column single-gallery video-ajax-single-gallery\">\n                    <a href=\"https:\/\/www.youtube.com\/watch?v=1j2MnOrlKfE\" class=\"glightbox-ajax\">\n                                                <figure class=\"wp-block-image video-thumbnail\">\n                            <img decoding=\"async\" src=\"https:\/\/img.youtube.com\/vi\/1j2MnOrlKfE\/hqdefault.jpg\" alt=\"Trailer Velvet Simulation: The Federal\">\n                            <svg width=\"73\" height=\"73\" viewBox=\"0 0 73 73\" fill=\"none\" xmlns=\"http:\/\/www.w3.org\/2000\/svg\">\n<circle opacity=\"0.8\" cx=\"36.3333\" cy=\"36.6673\" r=\"34.6667\" stroke=\"white\" stroke-width=\"3.33333\"\/>\n<path opacity=\"0.8\" d=\"M63.6953 36.6681L19.9607 61.9183L19.9607 11.4179L63.6953 36.6681Z\" fill=\"white\"\/>\n<\/svg>                        <\/figure>\n                                                <h3>Trailer Velvet Simulation: The Federal<\/h3>\n                    <\/a>\n                <\/div>\n                                <div class=\"wp-block-column single-gallery video-ajax-single-gallery\">\n                    <a href=\"https:\/\/www.youtube.com\/watch?v=Di99RMfazhM\" class=\"glightbox-ajax\">\n                                                <figure class=\"wp-block-image video-thumbnail\">\n                            <img decoding=\"async\" src=\"https:\/\/img.youtube.com\/vi\/Di99RMfazhM\/hqdefault.jpg\" alt=\"The Piazzetta Natural Heritage Site \u2013 Jan Bidlas\">\n                            <svg width=\"73\" height=\"73\" viewBox=\"0 0 73 73\" fill=\"none\" xmlns=\"http:\/\/www.w3.org\/2000\/svg\">\n<circle opacity=\"0.8\" cx=\"36.3333\" cy=\"36.6673\" r=\"34.6667\" stroke=\"white\" stroke-width=\"3.33333\"\/>\n<path opacity=\"0.8\" d=\"M63.6953 36.6681L19.9607 61.9183L19.9607 11.4179L63.6953 36.6681Z\" fill=\"white\"\/>\n<\/svg>                        <\/figure>\n                                                <h3>The Piazzetta Natural Heritage Site \u2013 Jan Bidlas<\/h3>\n                    <\/a>\n                <\/div>\n                                <div class=\"wp-block-column single-gallery video-ajax-single-gallery\">\n                    <a href=\"https:\/\/www.youtube.com\/watch?v=7uIHR_43MlI&#038;feature=youtu.be&#038;ab_channel=8lid%C3%AD\" class=\"glightbox-ajax\">\n                                                <figure class=\"wp-block-image video-thumbnail\">\n                            <img decoding=\"async\" src=\"https:\/\/img.youtube.com\/vi\/7uIHR_43MlI\/hqdefault.jpg\" alt=\"The Piazzetta Natural Heritage Site \u2013 Igor Orozovi\u010d\">\n                            <svg width=\"73\" height=\"73\" viewBox=\"0 0 73 73\" fill=\"none\" xmlns=\"http:\/\/www.w3.org\/2000\/svg\">\n<circle opacity=\"0.8\" cx=\"36.3333\" cy=\"36.6673\" r=\"34.6667\" stroke=\"white\" stroke-width=\"3.33333\"\/>\n<path opacity=\"0.8\" d=\"M63.6953 36.6681L19.9607 61.9183L19.9607 11.4179L63.6953 36.6681Z\" fill=\"white\"\/>\n<\/svg>                        <\/figure>\n                                                <h3>The Piazzetta Natural Heritage Site \u2013 Igor Orozovi\u010d<\/h3>\n                    <\/a>\n                <\/div>\n                                <div class=\"wp-block-column single-gallery video-ajax-single-gallery\">\n                    <a href=\"https:\/\/www.youtube.com\/watch?v=NslVZZMEMQ8&#038;feature=youtu.be&#038;ab_channel=8lid%C3%AD\" class=\"glightbox-ajax\">\n                                                <figure class=\"wp-block-image video-thumbnail\">\n                            <img decoding=\"async\" src=\"https:\/\/img.youtube.com\/vi\/NslVZZMEMQ8\/hqdefault.jpg\" alt=\"The Piazzetta Natural Heritage Site \u2013 David Mat\u00e1sek\">\n                            <svg width=\"73\" height=\"73\" viewBox=\"0 0 73 73\" fill=\"none\" xmlns=\"http:\/\/www.w3.org\/2000\/svg\">\n<circle opacity=\"0.8\" cx=\"36.3333\" cy=\"36.6673\" r=\"34.6667\" stroke=\"white\" stroke-width=\"3.33333\"\/>\n<path opacity=\"0.8\" d=\"M63.6953 36.6681L19.9607 61.9183L19.9607 11.4179L63.6953 36.6681Z\" fill=\"white\"\/>\n<\/svg>                        <\/figure>\n                                                <h3>The Piazzetta Natural Heritage Site \u2013 David Mat\u00e1sek<\/h3>\n                    <\/a>\n                <\/div>\n                    <\/div>\n    <\/div>\n\n\n\n<div aria-hidden=\"true\" class=\"wp-block-fsb-flexible-spacer fsb-flexible-spacer\"><div class=\"fsb-flexible-spacer__device fsb-flexible-spacer__device--lg\" style=\"height:40px\"><\/div><div class=\"fsb-flexible-spacer__device fsb-flexible-spacer__device--md\" style=\"height:40px\"><\/div><div class=\"fsb-flexible-spacer__device fsb-flexible-spacer__device--sm\" style=\"height:40px\"><\/div><\/div>\n\n\n<div class=\"osm-lidi-block-gallery\" id=\"osm-lidi-block-gallery-block_626e5681b9ee8\">\n    <h2>Posters<\/h2>\n    <div aria-hidden=\"true\" class=\"wp-block-fsb-flexible-spacer fsb-flexible-spacer\">\n        <div class=\"fsb-flexible-spacer__device fsb-flexible-spacer__device--lg\" style=\"height:10px\"><\/div>\n        <div class=\"fsb-flexible-spacer__device fsb-flexible-spacer__device--md\" style=\"height:10px\"><\/div>\n        <div class=\"fsb-flexible-spacer__device fsb-flexible-spacer__device--sm\" style=\"height:10px\"><\/div>\n    <\/div>\n    <div class=\"wp-block-columns gallery poster-ajax-gallery\">\n                        <div class=\"wp-block-column single-gallery poster-ajax-single-gallery\">\n                    <a href=\"https:\/\/8lidi.cz\/wp-content\/uploads\/2022\/04\/la-moneda-plakat-pro-obrazovku-s-logy.png\" class=\"glightbox-ajax\">\n                                                <figure class=\"wp-block-image\">\n                            <img decoding=\"async\" src=\"https:\/\/8lidi.cz\/wp-content\/uploads\/2022\/04\/la-moneda-plakat-pro-obrazovku-s-logy-734x1038.png\" alt=\"La Moneda &#8211; plak\u00e1t\">\n                        <\/figure>\n                                            <\/a>\n                <\/div>\n                    <\/div>\n    <\/div>\n\n\n\n<div aria-hidden=\"true\" class=\"wp-block-fsb-flexible-spacer fsb-flexible-spacer\"><div class=\"fsb-flexible-spacer__device fsb-flexible-spacer__device--lg\" style=\"height:40px\"><\/div><div class=\"fsb-flexible-spacer__device fsb-flexible-spacer__device--md\" style=\"height:40px\"><\/div><div class=\"fsb-flexible-spacer__device fsb-flexible-spacer__device--sm\" style=\"height:40px\"><\/div><\/div>\n","protected":false},"excerpt":{"rendered":"","protected":false},"author":1,"featured_media":0,"parent":0,"menu_order":0,"comment_status":"closed","ping_status":"closed","template":"","meta":{"_acf_changed":false,"inline_featured_image":false,"footnotes":""},"class_list":["post-1245","page","type-page","status-publish","hentry"],"acf":[],"_links":{"self":[{"href":"https:\/\/8lidi.cz\/en\/wp-json\/wp\/v2\/pages\/1245","targetHints":{"allow":["GET"]}}],"collection":[{"href":"https:\/\/8lidi.cz\/en\/wp-json\/wp\/v2\/pages"}],"about":[{"href":"https:\/\/8lidi.cz\/en\/wp-json\/wp\/v2\/types\/page"}],"author":[{"embeddable":true,"href":"https:\/\/8lidi.cz\/en\/wp-json\/wp\/v2\/users\/1"}],"replies":[{"embeddable":true,"href":"https:\/\/8lidi.cz\/en\/wp-json\/wp\/v2\/comments?post=1245"}],"version-history":[{"count":6,"href":"https:\/\/8lidi.cz\/en\/wp-json\/wp\/v2\/pages\/1245\/revisions"}],"predecessor-version":[{"id":1305,"href":"https:\/\/8lidi.cz\/en\/wp-json\/wp\/v2\/pages\/1245\/revisions\/1305"}],"wp:attachment":[{"href":"https:\/\/8lidi.cz\/en\/wp-json\/wp\/v2\/media?parent=1245"}],"curies":[{"name":"wp","href":"https:\/\/api.w.org\/{rel}","templated":true}]}}