{"id":1247,"date":"2022-04-24T13:02:28","date_gmt":"2022-04-24T11:02:28","guid":{"rendered":"http:\/\/8lidi.cz\/domains\/8lidi.cz\/kontakty\/"},"modified":"2022-08-07T21:19:11","modified_gmt":"2022-08-07T19:19:11","slug":"contacts","status":"publish","type":"page","link":"https:\/\/8lidi.cz\/en\/contacts\/","title":{"rendered":"Contacts"},"content":{"rendered":"\n<div class=\"wp-block-columns odkazy-bez-podtrzeni is-layout-flex wp-container-core-columns-is-layout-9d6595d7 wp-block-columns-is-layout-flex\">\n<div class=\"wp-block-column is-layout-flow wp-block-column-is-layout-flow\">\n<h2 class=\"wp-block-heading\">Email<\/h2>\n\n\n\n<div aria-hidden=\"true\" class=\"wp-block-fsb-flexible-spacer fsb-flexible-spacer\"><div class=\"fsb-flexible-spacer__device fsb-flexible-spacer__device--lg\" style=\"height:5px\"><\/div><div class=\"fsb-flexible-spacer__device fsb-flexible-spacer__device--md\" style=\"height:5px\"><\/div><div class=\"fsb-flexible-spacer__device fsb-flexible-spacer__device--sm\" style=\"height:5px\"><\/div><\/div>\n\n\n\n<p><a href=\"mailto:produkce@8lidi.cz\">produkce@8lidi.cz<\/a><\/p>\n<\/div>\n\n\n\n<div class=\"wp-block-column is-layout-flow wp-block-column-is-layout-flow\">\n<div aria-hidden=\"true\" class=\"wp-block-fsb-flexible-spacer fsb-flexible-spacer\"><div class=\"fsb-flexible-spacer__device fsb-flexible-spacer__device--lg\" style=\"height:0\"><\/div><div class=\"fsb-flexible-spacer__device fsb-flexible-spacer__device--md\" style=\"height:0\"><\/div><div class=\"fsb-flexible-spacer__device fsb-flexible-spacer__device--sm\" style=\"height:30px\"><\/div><\/div>\n\n\n\n<h2 class=\"wp-block-heading\">Production management<\/h2>\n\n\n\n<div aria-hidden=\"true\" class=\"wp-block-fsb-flexible-spacer fsb-flexible-spacer\"><div class=\"fsb-flexible-spacer__device fsb-flexible-spacer__device--lg\" style=\"height:5px\"><\/div><div class=\"fsb-flexible-spacer__device fsb-flexible-spacer__device--md\" style=\"height:5px\"><\/div><div class=\"fsb-flexible-spacer__device fsb-flexible-spacer__device--sm\" style=\"height:5px\"><\/div><\/div>\n\n\n\n<p><strong>Em\u00edlie Formanov\u00e1 <br><\/strong><a href=\"tel:+420731384102\">+420 731 384 102<\/a><br><br><strong>Alice Kofl\u00e1kov\u00e1 <br><\/strong><a href=\"tel:+420775305818\">+420 775 305 818<\/a><\/p>\n<\/div>\n\n\n\n<div class=\"wp-block-column is-layout-flow wp-block-column-is-layout-flow\">\n<div aria-hidden=\"true\" class=\"wp-block-fsb-flexible-spacer fsb-flexible-spacer\"><div class=\"fsb-flexible-spacer__device fsb-flexible-spacer__device--lg\" style=\"height:0\"><\/div><div class=\"fsb-flexible-spacer__device fsb-flexible-spacer__device--md\" style=\"height:0\"><\/div><div class=\"fsb-flexible-spacer__device fsb-flexible-spacer__device--sm\" style=\"height:50px\"><\/div><\/div>\n\n\n\n<h2 class=\"wp-block-heading\">Invoicing address<\/h2>\n\n\n\n<div aria-hidden=\"true\" class=\"wp-block-fsb-flexible-spacer fsb-flexible-spacer\"><div class=\"fsb-flexible-spacer__device fsb-flexible-spacer__device--lg\" style=\"height:5px\"><\/div><div class=\"fsb-flexible-spacer__device fsb-flexible-spacer__device--md\" style=\"height:5px\"><\/div><div class=\"fsb-flexible-spacer__device fsb-flexible-spacer__device--sm\" style=\"height:5px\"><\/div><\/div>\n\n\n\n<p>8lid\u00ed, z.s. <br>Dittrichova 338\/11, Nov\u00e9 M\u011bsto<br>120 00 Praha 2<br>Czech Republic<br><br>I\u010cO: 08097500<br>IBAN: CZ1020100000002701633918<br>BIC\/SWIFT: FIOBCZPP<\/p>\n\n\n\n<div aria-hidden=\"true\" class=\"wp-block-fsb-flexible-spacer fsb-flexible-spacer\"><div class=\"fsb-flexible-spacer__device fsb-flexible-spacer__device--lg\" style=\"height:40px\"><\/div><div class=\"fsb-flexible-spacer__device fsb-flexible-spacer__device--md\" style=\"height:40px\"><\/div><div class=\"fsb-flexible-spacer__device fsb-flexible-spacer__device--sm\" style=\"height:40px\"><\/div><\/div>\n<\/div>\n<\/div>\n\n\n\n<div class=\"wp-block-columns is-layout-flex wp-container-core-columns-is-layout-9d6595d7 wp-block-columns-is-layout-flex\">\n<div class=\"wp-block-column is-layout-flow wp-block-column-is-layout-flow\" style=\"flex-basis:67%\">\n<figure class=\"wp-block-image size-full multiply\"><img loading=\"lazy\" decoding=\"async\" width=\"273\" height=\"40\" src=\"https:\/\/8lidi.cz\/wp-content\/uploads\/2022\/04\/pisni_nam_milacku.jpg\" alt=\"\" class=\"wp-image-537\"\/><\/figure>\n\n\n\n<div aria-hidden=\"true\" class=\"wp-block-fsb-flexible-spacer fsb-flexible-spacer\"><div class=\"fsb-flexible-spacer__device fsb-flexible-spacer__device--lg\" style=\"margin-bottom:-7px\"><\/div><div class=\"fsb-flexible-spacer__device fsb-flexible-spacer__device--md\" style=\"margin-bottom:-7px\"><\/div><div class=\"fsb-flexible-spacer__device fsb-flexible-spacer__device--sm\" style=\"margin-bottom:-7px\"><\/div><\/div>\n\n\n<div class=\"wpforms-container wpforms-container-full wpforms-block\" id=\"wpforms-1286\"><form id=\"wpforms-form-1286\" class=\"wpforms-validate wpforms-form wpforms-ajax-form\" data-formid=\"1286\" method=\"post\" enctype=\"multipart\/form-data\" action=\"\/en\/wp-json\/wp\/v2\/pages\/1247\" data-token=\"37f48f9b7173dfa55a979fbea5e3d1fc\" data-token-time=\"1776236797\"><noscript class=\"wpforms-error-noscript\">Please enable JavaScript in your browser to complete this form.<\/noscript><div class=\"wpforms-field-container\"><div id=\"wpforms-1286-field_0-container\" class=\"wpforms-field wpforms-field-name\" data-field-id=\"0\"><label class=\"wpforms-field-label wpforms-label-hide\" for=\"wpforms-1286-field_0\">Name <span class=\"wpforms-required-label\">*<\/span><\/label><input type=\"text\" id=\"wpforms-1286-field_0\" class=\"wpforms-field-large wpforms-field-required\" name=\"wpforms[fields][0]\" placeholder=\"Name\" required><\/div><div id=\"wpforms-1286-field_1-container\" class=\"wpforms-field wpforms-field-email\" data-field-id=\"1\"><label class=\"wpforms-field-label wpforms-label-hide\" for=\"wpforms-1286-field_1\">Email <span class=\"wpforms-required-label\">*<\/span><\/label><input type=\"email\" id=\"wpforms-1286-field_1\" class=\"wpforms-field-large wpforms-field-required\" name=\"wpforms[fields][1]\" placeholder=\"Email\" spellcheck=\"false\" required><\/div><div id=\"wpforms-1286-field_2-container\" class=\"wpforms-field wpforms-field-textarea\" data-field-id=\"2\"><label class=\"wpforms-field-label wpforms-label-hide\" for=\"wpforms-1286-field_2\">Message <span class=\"wpforms-required-label\">*<\/span><\/label><textarea id=\"wpforms-1286-field_2\" class=\"wpforms-field-large wpforms-field-required\" name=\"wpforms[fields][2]\" placeholder=\"Message\" required><\/textarea><\/div><\/div><!-- .wpforms-field-container --><div class=\"wpforms-recaptcha-container wpforms-is-recaptcha wpforms-is-recaptcha-type-v3\" ><input type=\"hidden\" name=\"wpforms[recaptcha]\" value=\"\"><\/div><div class=\"wpforms-submit-container\" ><input type=\"hidden\" name=\"wpforms[id]\" value=\"1286\"><input type=\"hidden\" name=\"page_title\" value=\"\"><input type=\"hidden\" name=\"page_url\" value=\"https:\/\/8lidi.cz\/en\/wp-json\/wp\/v2\/pages\/1247\"><input type=\"hidden\" name=\"url_referer\" value=\"\"><button type=\"submit\" name=\"wpforms[submit]\" id=\"wpforms-submit-1286\" class=\"wpforms-submit btn\" data-alt-text=\"Sending...\" data-submit-text=\"Send\" aria-live=\"assertive\" value=\"wpforms-submit\">Send<\/button><img loading=\"lazy\" decoding=\"async\" src=\"https:\/\/8lidi.cz\/wp-content\/plugins\/wpforms-lite\/assets\/images\/submit-spin.svg\" class=\"wpforms-submit-spinner\" style=\"display: none;\" width=\"26\" height=\"26\" alt=\"Loading\"><\/div><\/form><\/div>  <!-- .wpforms-container --><\/div>\n\n\n\n<div class=\"wp-block-column is-layout-flow wp-block-column-is-layout-flow\" style=\"flex-basis:33%\">\n<div aria-hidden=\"true\" class=\"wp-block-fsb-flexible-spacer fsb-flexible-spacer\"><div class=\"fsb-flexible-spacer__device fsb-flexible-spacer__device--lg\" style=\"height:12px\"><\/div><div class=\"fsb-flexible-spacer__device fsb-flexible-spacer__device--md\" style=\"height:12px\"><\/div><div class=\"fsb-flexible-spacer__device fsb-flexible-spacer__device--sm\" style=\"height:12px\"><\/div><\/div>\n\n\n\n<h2 class=\"wp-block-heading\">Social sites<\/h2>\n\n\n\n<div aria-hidden=\"true\" class=\"wp-block-fsb-flexible-spacer fsb-flexible-spacer\"><div class=\"fsb-flexible-spacer__device fsb-flexible-spacer__device--lg\" style=\"height:10px\"><\/div><div class=\"fsb-flexible-spacer__device fsb-flexible-spacer__device--md\" style=\"height:10px\"><\/div><div class=\"fsb-flexible-spacer__device fsb-flexible-spacer__device--sm\" style=\"height:10px\"><\/div><\/div>\n\n\n<style>\n    #osm-lidi-block-social-block_6265473cd73bd .social-media svg, .social-media img {\n        height: 29px;\n    }\n<\/style>\n<div class=\"osm-lidi-block-social\" id=\"osm-lidi-block-social-block_6265473cd73bd\">\n    <div class=\"social-media\">\n                    <a href=\"https:\/\/www.facebook.com\/8lidi\/\">\n                <svg width=\"42\" height=\"42\" viewBox=\"0 0 42 42\" fill=\"none\" xmlns=\"http:\/\/www.w3.org\/2000\/svg\">\n<g clip-path=\"url(#clip0_1395_170748)\">\n<path d=\"M36.5245 0.875H5.43785C2.8142 0.875 0.679688 3.03405 0.679688 5.68785V37.1318C0.679688 39.7856 2.8142 41.9447 5.43785 41.9447H36.5245C39.1482 41.9447 41.2827 39.7856 41.2827 37.1318V5.68785C41.2827 3.03405 39.1482 0.875 36.5245 0.875ZM38.1106 37.1318C38.1106 38.0164 37.3991 38.7361 36.5245 38.7361H27.484V25.6612H32.3841L33.1938 20.6879H27.484V17.2387C27.484 15.8771 28.5169 14.8323 29.8631 14.8323H33.1145V9.85899H29.8631C25.8247 9.85899 22.569 13.1678 22.569 17.2527V20.6879H17.8091V25.6612H22.569V38.7361H5.43785C4.5633 38.7361 3.8518 38.0164 3.8518 37.1318V5.68785C3.8518 4.80325 4.5633 4.08357 5.43785 4.08357H36.5245C37.3991 4.08357 38.1106 4.80325 38.1106 5.68785V37.1318Z\" fill=\"black\"\/>\n<\/g>\n<defs>\n<clipPath id=\"clip0_1395_170748\">\n<rect width=\"40.603\" height=\"41.0697\" fill=\"white\" transform=\"translate(0.671875 0.876953)\"\/>\n<\/clipPath>\n<\/defs>\n<\/svg>\n            <\/a>\n                                <a href=\"https:\/\/www.instagram.com\/8_lidi\/\">\n                <svg width=\"42\" height=\"42\" viewBox=\"0 0 42 42\" fill=\"none\" xmlns=\"http:\/\/www.w3.org\/2000\/svg\">\n<g clip-path=\"url(#clip0_1395_170744)\">\n<path d=\"M41.6917 12.4066C41.5955 10.2244 41.2426 8.7242 40.7371 7.42423C40.2156 6.04434 39.4133 4.80892 38.3621 3.78192C37.3351 2.73893 36.0916 1.92848 34.7277 1.41513C33.4202 0.909624 31.9278 0.556738 29.7456 0.460524C27.5471 0.356163 26.8492 0.332031 21.2732 0.332031C15.6972 0.332031 14.9993 0.356163 12.809 0.452376C10.6268 0.548589 9.12654 0.901789 7.82688 1.40699C6.44667 1.92848 5.21126 2.73078 4.18426 3.78192C3.14127 4.80892 2.33114 6.05248 1.81748 7.41639C1.31197 8.7242 0.959081 10.2163 0.862868 12.3985C0.758507 14.597 0.734375 15.2949 0.734375 20.8709C0.734375 26.4469 0.758507 27.1448 0.85472 29.3351C0.950933 31.5173 1.30413 33.0176 1.80964 34.3175C2.33114 35.6974 3.14127 36.9328 4.18426 37.9598C5.21126 39.0028 6.45482 39.8133 7.81873 40.3266C9.12654 40.8321 10.6186 41.185 12.8011 41.2812C14.9911 41.3778 15.6894 41.4016 21.2654 41.4016C26.8413 41.4016 27.5393 41.3778 29.7296 41.2812C31.9118 41.185 33.412 40.8321 34.7117 40.3266C37.4718 39.2595 39.654 37.0773 40.7211 34.3175C41.2263 33.0097 41.5795 31.5173 41.6757 29.3351C41.7719 27.1448 41.796 26.4469 41.796 20.8709C41.796 15.2949 41.7879 14.597 41.6917 12.4066ZM37.9933 29.1747C37.9049 31.1804 37.568 32.2635 37.2872 32.9856C36.5971 34.7748 35.1771 36.1948 33.3879 36.8849C32.6658 37.1657 31.5749 37.5026 29.577 37.5907C27.4108 37.6872 26.7611 37.711 21.2814 37.711C15.8016 37.711 15.1438 37.6872 12.9854 37.5907C10.9797 37.5026 9.89655 37.1657 9.17449 36.8849C8.28412 36.5558 7.47368 36.0343 6.81586 35.3524C6.1339 34.6864 5.61241 33.8841 5.28334 32.9937C5.00254 32.2717 4.66564 31.1804 4.57757 29.1828C4.48104 27.0166 4.45723 26.3666 4.45723 20.8869C4.45723 15.4071 4.48104 14.7493 4.57757 12.5912C4.66564 10.5855 5.00254 9.50237 5.28334 8.7803C5.61241 7.88962 6.1339 7.07949 6.824 6.42135C7.48966 5.7394 8.29196 5.21791 9.18264 4.88915C9.9047 4.60835 10.996 4.27144 12.9936 4.18307C15.1598 4.08685 15.8097 4.06272 21.2892 4.06272C26.7771 4.06272 27.4268 4.08685 29.5851 4.18307C31.5909 4.27144 32.674 4.60835 33.396 4.88915C34.2864 5.21791 35.0969 5.7394 35.7547 6.42135C36.4366 7.08733 36.9581 7.88962 37.2872 8.7803C37.568 9.50237 37.9049 10.5933 37.9933 12.5912C38.0895 14.7574 38.1136 15.4071 38.1136 20.8869C38.1136 26.3666 38.0895 27.0085 37.9933 29.1747Z\" fill=\"black\"\/>\n<path d=\"M21.2768 10.3223C15.4523 10.3223 10.7266 15.0477 10.7266 20.8725C10.7266 26.6973 15.4523 31.4227 21.2768 31.4227C27.1016 31.4227 31.827 26.6973 31.827 20.8725C31.827 15.0477 27.1016 10.3223 21.2768 10.3223ZM21.2768 27.7162C17.4982 27.7162 14.4331 24.6515 14.4331 20.8725C14.4331 17.0935 17.4982 14.0288 21.2768 14.0288C25.0557 14.0288 28.1205 17.0935 28.1205 20.8725C28.1205 24.6515 25.0557 27.7162 21.2768 27.7162Z\" fill=\"black\"\/>\n<path d=\"M34.7154 9.90245C34.7154 11.2626 33.6125 12.3655 32.2521 12.3655C30.8919 12.3655 29.7891 11.2626 29.7891 9.90245C29.7891 8.54199 30.8919 7.43945 32.2521 7.43945C33.6125 7.43945 34.7154 8.54199 34.7154 9.90245Z\" fill=\"black\"\/>\n<\/g>\n<defs>\n<clipPath id=\"clip0_1395_170744\">\n<rect width=\"41.0697\" height=\"41.0697\" fill=\"white\" transform=\"translate(0.671875 0.332031)\"\/>\n<\/clipPath>\n<\/defs>\n<\/svg>\n            <\/a>\n                        <\/div>\n<\/div>\n\n\n\n<div aria-hidden=\"true\" class=\"wp-block-fsb-flexible-spacer fsb-flexible-spacer\"><div class=\"fsb-flexible-spacer__device fsb-flexible-spacer__device--lg\" style=\"height:100px\"><\/div><div class=\"fsb-flexible-spacer__device fsb-flexible-spacer__device--md\" style=\"height:100px\"><\/div><div class=\"fsb-flexible-spacer__device fsb-flexible-spacer__device--sm\" style=\"height:60px\"><\/div><\/div>\n\n\n<div class=\"wp-block-image multiply\">\n<figure class=\"aligncenter size-full\"><img loading=\"lazy\" decoding=\"async\" width=\"256\" height=\"245\" src=\"https:\/\/8lidi.cz\/wp-content\/uploads\/2022\/04\/odm_lidi_v_jednom_tele.jpg\" alt=\"\" class=\"wp-image-550\"\/><\/figure>\n<\/div><\/div>\n<\/div>\n","protected":false},"excerpt":{"rendered":"<p>Email produkce@8lidi.cz Production management Em\u00edlie Formanov\u00e1 +420 731 384 102 Alice Kofl\u00e1kov\u00e1 +420 775 305 818 Invoicing address 8lid\u00ed, z.s. Dittrichova 338\/11, Nov\u00e9 M\u011bsto120 00 Praha 2Czech Republic I\u010cO: 08097500IBAN: CZ1020100000002701633918BIC\/SWIFT: FIOBCZPP Social sites<\/p>\n","protected":false},"author":1,"featured_media":0,"parent":0,"menu_order":0,"comment_status":"closed","ping_status":"closed","template":"","meta":{"_acf_changed":false,"inline_featured_image":false,"footnotes":""},"class_list":["post-1247","page","type-page","status-publish","hentry"],"acf":[],"_links":{"self":[{"href":"https:\/\/8lidi.cz\/en\/wp-json\/wp\/v2\/pages\/1247","targetHints":{"allow":["GET"]}}],"collection":[{"href":"https:\/\/8lidi.cz\/en\/wp-json\/wp\/v2\/pages"}],"about":[{"href":"https:\/\/8lidi.cz\/en\/wp-json\/wp\/v2\/types\/page"}],"author":[{"embeddable":true,"href":"https:\/\/8lidi.cz\/en\/wp-json\/wp\/v2\/users\/1"}],"replies":[{"embeddable":true,"href":"https:\/\/8lidi.cz\/en\/wp-json\/wp\/v2\/comments?post=1247"}],"version-history":[{"count":4,"href":"https:\/\/8lidi.cz\/en\/wp-json\/wp\/v2\/pages\/1247\/revisions"}],"predecessor-version":[{"id":1436,"href":"https:\/\/8lidi.cz\/en\/wp-json\/wp\/v2\/pages\/1247\/revisions\/1436"}],"wp:attachment":[{"href":"https:\/\/8lidi.cz\/en\/wp-json\/wp\/v2\/media?parent=1247"}],"curies":[{"name":"wp","href":"https:\/\/api.w.org\/{rel}","templated":true}]}}