{"id":1250,"date":"2022-04-24T13:01:50","date_gmt":"2022-04-24T11:01:50","guid":{"rendered":"http:\/\/8lidi.cz\/domains\/8lidi.cz\/projekty\/"},"modified":"2022-08-07T21:24:12","modified_gmt":"2022-08-07T19:24:12","slug":"projects","status":"publish","type":"page","link":"https:\/\/8lidi.cz\/en\/projects\/","title":{"rendered":"Projects"},"content":{"rendered":"\n<div aria-hidden=\"true\" class=\"wp-block-fsb-flexible-spacer fsb-flexible-spacer\"><div class=\"fsb-flexible-spacer__device fsb-flexible-spacer__device--lg\" style=\"height:15px\"><\/div><div class=\"fsb-flexible-spacer__device fsb-flexible-spacer__device--md\" style=\"height:10px\"><\/div><div class=\"fsb-flexible-spacer__device fsb-flexible-spacer__device--sm\" style=\"height:0\"><\/div><\/div>\n\n\n<div class=\"osm-lidi-block-projects\" id=\"osm-lidi-block-projects-block_626c4ab498a1a\">\n    <h2>Current<\/h2>\n    <div aria-hidden=\"true\" class=\"wp-block-fsb-flexible-spacer fsb-flexible-spacer\">\n        <div class=\"fsb-flexible-spacer__device fsb-flexible-spacer__device--lg\" style=\"height:10px\"><\/div>\n        <div class=\"fsb-flexible-spacer__device fsb-flexible-spacer__device--md\" style=\"height:10px\"><\/div>\n        <div class=\"fsb-flexible-spacer__device fsb-flexible-spacer__device--sm\" style=\"height:10px\"><\/div>\n    <\/div>\n    <div class=\"wp-block-columns projects\">\n                <div class=\"wp-block-column project\">\n            <a href=\"https:\/\/8lidi.cz\/en\/projekt\/8-miliard-lidi-hori\/\">\n                <figure class=\"wp-block-image\">\n                                            <img loading=\"lazy\" decoding=\"async\" width=\"734\" height=\"414\" src=\"https:\/\/8lidi.cz\/wp-content\/uploads\/2025\/06\/9.8lidi_8miliardlidi_NOD_2048px_JanHromadko-1001-734x414.jpeg\" class=\"attachment-post-thumbnail size-post-thumbnail wp-post-image\" alt=\"\" \/>                                    <\/figure>\n                <h3>8 billion people are burning<\/h3>\n            <\/a>\n        <\/div>\n                <div class=\"wp-block-column project\">\n            <a href=\"https:\/\/8lidi.cz\/en\/projekt\/we-love-shooting\/\">\n                <figure class=\"wp-block-image\">\n                                            <img loading=\"lazy\" decoding=\"async\" width=\"734\" height=\"414\" src=\"https:\/\/8lidi.cz\/wp-content\/uploads\/2023\/03\/OSK8199-734x414.jpg\" class=\"attachment-post-thumbnail size-post-thumbnail wp-post-image\" alt=\"\" \/>                                    <\/figure>\n                <h3>We Love Shooting<\/h3>\n            <\/a>\n        <\/div>\n                <div class=\"wp-block-column project\">\n            <a href=\"https:\/\/8lidi.cz\/en\/projekt\/mischievous-bachelor\/\">\n                <figure class=\"wp-block-image\">\n                                            <img loading=\"lazy\" decoding=\"async\" width=\"734\" height=\"414\" src=\"https:\/\/8lidi.cz\/wp-content\/uploads\/2022\/05\/Nezbedny-bakalar_Oskar_004-734x414.jpg\" class=\"attachment-post-thumbnail size-post-thumbnail wp-post-image\" alt=\"\" \/>                                    <\/figure>\n                <h3>Mischievous Bachelor<\/h3>\n            <\/a>\n        <\/div>\n            <\/div>\n    <\/div>\n\n\n\n<div aria-hidden=\"true\" class=\"wp-block-fsb-flexible-spacer fsb-flexible-spacer\"><div class=\"fsb-flexible-spacer__device fsb-flexible-spacer__device--lg\" style=\"height:50px\"><\/div><div class=\"fsb-flexible-spacer__device fsb-flexible-spacer__device--md\" style=\"height:50px\"><\/div><div class=\"fsb-flexible-spacer__device fsb-flexible-spacer__device--sm\" style=\"height:50px\"><\/div><\/div>\n\n\n<div class=\"osm-lidi-block-projects\" id=\"osm-lidi-block-projects-block_626d499b89670\">\n    <h2>Past<\/h2>\n    <div aria-hidden=\"true\" class=\"wp-block-fsb-flexible-spacer fsb-flexible-spacer\">\n        <div class=\"fsb-flexible-spacer__device fsb-flexible-spacer__device--lg\" style=\"height:10px\"><\/div>\n        <div class=\"fsb-flexible-spacer__device fsb-flexible-spacer__device--md\" style=\"height:10px\"><\/div>\n        <div class=\"fsb-flexible-spacer__device fsb-flexible-spacer__device--sm\" style=\"height:10px\"><\/div>\n    <\/div>\n    <div class=\"wp-block-columns projects\">\n                <div class=\"wp-block-column project\">\n            <a href=\"https:\/\/8lidi.cz\/en\/projekt\/8-miliard-lidi-hori-44-dny-v-pohybu\/\">\n                <figure class=\"wp-block-image\">\n                                            <img loading=\"lazy\" decoding=\"async\" width=\"734\" height=\"414\" src=\"https:\/\/8lidi.cz\/wp-content\/uploads\/2024\/10\/8-lidi-horeni-v2_-734x414.png\" class=\"attachment-post-thumbnail size-post-thumbnail wp-post-image\" alt=\"\" \/>                                    <\/figure>\n                <h3>8 miliard lid\u00ed ho\u0159\u00ed \/ 4+4 Days In Motion<\/h3>\n            <\/a>\n        <\/div>\n                <div class=\"wp-block-column project\">\n            <a href=\"https:\/\/8lidi.cz\/en\/projekt\/ball-dancing-lessons\/\">\n                <figure class=\"wp-block-image\">\n                                            <img loading=\"lazy\" decoding=\"async\" width=\"734\" height=\"414\" src=\"https:\/\/8lidi.cz\/wp-content\/uploads\/2022\/08\/KUB1906-734x414.jpg\" class=\"attachment-post-thumbnail size-post-thumbnail wp-post-image\" alt=\"\" \/>                                    <\/figure>\n                <h3>Ball Dancing Lessons<\/h3>\n            <\/a>\n        <\/div>\n                <div class=\"wp-block-column project\">\n            <a href=\"https:\/\/8lidi.cz\/en\/projekt\/cleopatra\/\">\n                <figure class=\"wp-block-image\">\n                                            <img loading=\"lazy\" decoding=\"async\" width=\"734\" height=\"414\" src=\"https:\/\/8lidi.cz\/wp-content\/uploads\/2022\/05\/Kopie-souboru-KIV06250-734x414.jpg\" class=\"attachment-post-thumbnail size-post-thumbnail wp-post-image\" alt=\"\" \/>                                    <\/figure>\n                <h3>Cleopatra<\/h3>\n            <\/a>\n        <\/div>\n                <div class=\"wp-block-column project\">\n            <a href=\"https:\/\/8lidi.cz\/en\/projekt\/la-moneda\/\">\n                <figure class=\"wp-block-image\">\n                                            <img loading=\"lazy\" decoding=\"async\" width=\"734\" height=\"414\" src=\"https:\/\/8lidi.cz\/wp-content\/uploads\/2022\/05\/IMG_1533_Oskar-Helcl-734x414.jpg\" class=\"attachment-post-thumbnail size-post-thumbnail wp-post-image\" alt=\"\" \/>                                    <\/figure>\n                <h3>La Moneda<\/h3>\n            <\/a>\n        <\/div>\n                <div class=\"wp-block-column project\">\n            <a href=\"https:\/\/8lidi.cz\/en\/projekt\/press-paradox\/\">\n                <figure class=\"wp-block-image\">\n                                            <img loading=\"lazy\" decoding=\"async\" width=\"734\" height=\"414\" src=\"https:\/\/8lidi.cz\/wp-content\/uploads\/2022\/05\/PP_53_Oskar-Helcl-734x414.jpg\" class=\"attachment-post-thumbnail size-post-thumbnail wp-post-image\" alt=\"\" \/>                                    <\/figure>\n                <h3>Press paradox<\/h3>\n            <\/a>\n        <\/div>\n                <div class=\"wp-block-column project\">\n            <a href=\"https:\/\/8lidi.cz\/en\/projekt\/crumbs-of-celestial-bread\/\">\n                <figure class=\"wp-block-image\">\n                                            <img loading=\"lazy\" decoding=\"async\" width=\"734\" height=\"414\" src=\"https:\/\/8lidi.cz\/wp-content\/uploads\/2022\/05\/Drobty_01-734x414.jpeg\" class=\"attachment-post-thumbnail size-post-thumbnail wp-post-image\" alt=\"\" \/>                                    <\/figure>\n                <h3>Crumbs of Celestial Bread<\/h3>\n            <\/a>\n        <\/div>\n            <\/div>\n        <div class=\"wp-block-buttons load-more-wrapper\">\n        <div class=\"wp-block-button\">\n            <button class=\"wp-block-button__link\" data-page=\"2\" data-type=\"project\" data-show=\"6\" data-time=\"past\" data-text=\"More\" data-loading-text=\"Loading\">\n                <span>\n                    <svg xmlns=\"http:\/\/www.w3.org\/2000\/svg\" viewBox=\"0 0 512 512\"><path d=\"M304 48c0 26.51-21.49 48-48 48s-48-21.49-48-48 21.49-48 48-48 48 21.49 48 48zm-48 368c-26.51 0-48 21.49-48 48s21.49 48 48 48 48-21.49 48-48-21.49-48-48-48zm208-208c-26.51 0-48 21.49-48 48s21.49 48 48 48 48-21.49 48-48-21.49-48-48-48zM96 256c0-26.51-21.49-48-48-48S0 229.49 0 256s21.49 48 48 48 48-21.49 48-48zm12.922 99.078c-26.51 0-48 21.49-48 48s21.49 48 48 48 48-21.49 48-48c0-26.509-21.491-48-48-48zm294.156 0c-26.51 0-48 21.49-48 48s21.49 48 48 48 48-21.49 48-48c0-26.509-21.49-48-48-48zM108.922 60.922c-26.51 0-48 21.49-48 48s21.49 48 48 48 48-21.49 48-48-21.491-48-48-48z\"\/><\/svg>                    <span>More<\/span>\n                <\/span>\n            <\/button>\n        <\/div>\n    <\/div>\n    <\/div>\n\n\n\n<div aria-hidden=\"true\" class=\"wp-block-fsb-flexible-spacer fsb-flexible-spacer\"><div class=\"fsb-flexible-spacer__device fsb-flexible-spacer__device--lg\" style=\"height:80px\"><\/div><div class=\"fsb-flexible-spacer__device fsb-flexible-spacer__device--md\" style=\"height:80px\"><\/div><div class=\"fsb-flexible-spacer__device fsb-flexible-spacer__device--sm\" style=\"height:80px\"><\/div><\/div>\n\n\n<div class=\"wp-block-image multiply\">\n<figure class=\"aligncenter size-full\"><img loading=\"lazy\" decoding=\"async\" width=\"276\" height=\"284\" src=\"https:\/\/8lidi.cz\/wp-content\/uploads\/2022\/04\/sideflip_pres_osm_lidi.jpg\" alt=\"\" class=\"wp-image-645\"\/><\/figure>\n<\/div>\n\n\n<div aria-hidden=\"true\" class=\"wp-block-fsb-flexible-spacer fsb-flexible-spacer\"><div class=\"fsb-flexible-spacer__device fsb-flexible-spacer__device--lg\" style=\"height:20px\"><\/div><div class=\"fsb-flexible-spacer__device fsb-flexible-spacer__device--md\" style=\"height:20px\"><\/div><div class=\"fsb-flexible-spacer__device fsb-flexible-spacer__device--sm\" style=\"height:20px\"><\/div><\/div>\n","protected":false},"excerpt":{"rendered":"","protected":false},"author":1,"featured_media":0,"parent":0,"menu_order":0,"comment_status":"closed","ping_status":"closed","template":"","meta":{"_acf_changed":false,"inline_featured_image":false,"footnotes":""},"class_list":["post-1250","page","type-page","status-publish","hentry"],"acf":[],"_links":{"self":[{"href":"https:\/\/8lidi.cz\/en\/wp-json\/wp\/v2\/pages\/1250","targetHints":{"allow":["GET"]}}],"collection":[{"href":"https:\/\/8lidi.cz\/en\/wp-json\/wp\/v2\/pages"}],"about":[{"href":"https:\/\/8lidi.cz\/en\/wp-json\/wp\/v2\/types\/page"}],"author":[{"embeddable":true,"href":"https:\/\/8lidi.cz\/en\/wp-json\/wp\/v2\/users\/1"}],"replies":[{"embeddable":true,"href":"https:\/\/8lidi.cz\/en\/wp-json\/wp\/v2\/comments?post=1250"}],"version-history":[{"count":1,"href":"https:\/\/8lidi.cz\/en\/wp-json\/wp\/v2\/pages\/1250\/revisions"}],"predecessor-version":[{"id":1292,"href":"https:\/\/8lidi.cz\/en\/wp-json\/wp\/v2\/pages\/1250\/revisions\/1292"}],"wp:attachment":[{"href":"https:\/\/8lidi.cz\/en\/wp-json\/wp\/v2\/media?parent=1250"}],"curies":[{"name":"wp","href":"https:\/\/api.w.org\/{rel}","templated":true}]}}