{"id":7,"date":"2022-03-21T21:59:21","date_gmt":"2022-03-21T20:59:21","guid":{"rendered":"http:\/\/8lidi.cz\/domains\/8lidi.cz\/?page_id=7"},"modified":"2025-01-30T12:24:57","modified_gmt":"2025-01-30T11:24:57","slug":"home","status":"publish","type":"page","link":"https:\/\/8lidi.cz\/en\/","title":{"rendered":"Home"},"content":{"rendered":"<div class=\"osm-lidi-block-slider\" id=\"osm-lidi-block-slider-block_e12f669c8634af384f5846697057b9dd\">\n            <div class=\"slide\">\n            <img data-flickity-lazyload=\"\" data-desktop-src=\"https:\/\/8lidi.cz\/wp-content\/uploads\/2025\/01\/8lidi-divadelni-sauna-web-banner-1920x800px-v1-aspect-ratio-1170-355-1.jpg\" data-mobile-src=\"https:\/\/8lidi.cz\/wp-content\/uploads\/2025\/01\/8lidi-divadelni-sauna-web-banner-1920x800px-v1-aspect-ratio-767-479-1.jpg\" data-desktop-width=\"1170\" data-desktop-height=\"355\" data-mobile-width=\"767\" data-mobile-height=\"479\" width=\"\" height=\"\" alt=\"\">\n        <\/div>\n            <div class=\"slide\">\n            <img data-flickity-lazyload=\"\" data-desktop-src=\"https:\/\/8lidi.cz\/wp-content\/uploads\/2023\/05\/OSK8264-aspect-ratio-1170-355-1.jpg\" data-mobile-src=\"https:\/\/8lidi.cz\/wp-content\/uploads\/2023\/05\/OSK8264-aspect-ratio-767-479-1.jpg\" data-desktop-width=\"1170\" data-desktop-height=\"355\" data-mobile-width=\"767\" data-mobile-height=\"479\" width=\"\" height=\"\" alt=\"\">\n        <\/div>\n            <div class=\"slide\">\n            <img data-flickity-lazyload=\"\" data-desktop-src=\"https:\/\/8lidi.cz\/wp-content\/uploads\/2022\/08\/IMG_8520-1-scaled-aspect-ratio-1170-355.jpg\" data-mobile-src=\"https:\/\/8lidi.cz\/wp-content\/uploads\/2022\/08\/IMG_8520-1-scaled-aspect-ratio-767-479.jpg\" data-desktop-width=\"1170\" data-desktop-height=\"355\" data-mobile-width=\"767\" data-mobile-height=\"479\" width=\"\" height=\"\" alt=\"\">\n        <\/div>\n            <div class=\"slide\">\n            <img data-flickity-lazyload=\"\" data-desktop-src=\"https:\/\/8lidi.cz\/wp-content\/uploads\/2022\/09\/Kopie-souboru-KIV06461-scaled-aspect-ratio-1170-355.jpg\" data-mobile-src=\"https:\/\/8lidi.cz\/wp-content\/uploads\/2022\/11\/Kopie-souboru-KIV06461-scaled-aspect-ratio-767-479.jpg\" data-desktop-width=\"1170\" data-desktop-height=\"355\" data-mobile-width=\"767\" data-mobile-height=\"479\" width=\"\" height=\"\" alt=\"\">\n        <\/div>\n            <div class=\"slide\">\n            <img data-flickity-lazyload=\"\" data-desktop-src=\"https:\/\/8lidi.cz\/wp-content\/uploads\/2022\/08\/MG_9989_Oskar-Helcl-aspect-ratio-1170-355.jpg\" data-mobile-src=\"https:\/\/8lidi.cz\/wp-content\/uploads\/2022\/08\/MG_9989_Oskar-Helcl-aspect-ratio-767-479.jpg\" data-desktop-width=\"1170\" data-desktop-height=\"355\" data-mobile-width=\"767\" data-mobile-height=\"479\" width=\"\" height=\"\" alt=\"\">\n        <\/div>\n            <div class=\"slide\">\n            <img data-flickity-lazyload=\"\" data-desktop-src=\"https:\/\/8lidi.cz\/wp-content\/uploads\/2024\/05\/KUB1747-aspect-ratio-1170-355-1.jpg\" data-mobile-src=\"https:\/\/8lidi.cz\/wp-content\/uploads\/2024\/05\/KUB1747-aspect-ratio-767-479-1.jpg\" data-desktop-width=\"1170\" data-desktop-height=\"355\" data-mobile-width=\"767\" data-mobile-height=\"479\" width=\"\" height=\"\" alt=\"\">\n        <\/div>\n            <div class=\"slide\">\n            <img data-flickity-lazyload=\"\" data-desktop-src=\"https:\/\/8lidi.cz\/wp-content\/uploads\/2022\/08\/DSC03345_Oliver-Prochazka-scaled-aspect-ratio-1170-355.jpg\" data-mobile-src=\"https:\/\/8lidi.cz\/wp-content\/uploads\/2022\/08\/DSC03345_Oliver-Prochazka-scaled-aspect-ratio-767-479.jpg\" data-desktop-width=\"1170\" data-desktop-height=\"355\" data-mobile-width=\"767\" data-mobile-height=\"479\" width=\"\" height=\"\" alt=\"\">\n        <\/div>\n            <div class=\"slide\">\n            <img data-flickity-lazyload=\"\" data-desktop-src=\"https:\/\/8lidi.cz\/wp-content\/uploads\/2022\/08\/36295878_654559398225920_7862060132090249216_n-aspect-ratio-1170-355.jpeg\" data-mobile-src=\"https:\/\/8lidi.cz\/wp-content\/uploads\/2022\/08\/36295878_654559398225920_7862060132090249216_n-aspect-ratio-767-479.jpeg\" data-desktop-width=\"1170\" data-desktop-height=\"355\" data-mobile-width=\"767\" data-mobile-height=\"479\" width=\"\" height=\"\" alt=\"\">\n        <\/div>\n            <div class=\"slide\">\n            <img data-flickity-lazyload=\"\" data-desktop-src=\"https:\/\/8lidi.cz\/wp-content\/uploads\/2022\/08\/IMG_1768_Oskar-Helcl-aspect-ratio-1170-355-4.jpg\" data-mobile-src=\"https:\/\/8lidi.cz\/wp-content\/uploads\/2022\/08\/IMG_1768_Oskar-Helcl-aspect-ratio-767-479.jpg\" data-desktop-width=\"1170\" data-desktop-height=\"355\" data-mobile-width=\"767\" data-mobile-height=\"479\" width=\"\" height=\"\" alt=\"\">\n        <\/div>\n            <div class=\"slide\">\n            <img data-flickity-lazyload=\"\" data-desktop-src=\"https:\/\/8lidi.cz\/wp-content\/uploads\/2022\/05\/MG_9626_Oskar-Helcl-aspect-ratio-1170-355.jpg\" data-mobile-src=\"https:\/\/8lidi.cz\/wp-content\/uploads\/2022\/05\/MG_9626_Oskar-Helcl-aspect-ratio-767-479.jpg\" data-desktop-width=\"1170\" data-desktop-height=\"355\" data-mobile-width=\"767\" data-mobile-height=\"479\" width=\"\" height=\"\" alt=\"\">\n        <\/div>\n    <\/div>\n\n\n\n\n<div class=\"wp-block-group\"><div class=\"wp-block-group__inner-container is-layout-flow wp-block-group-is-layout-flow\">\n<div class=\"wp-block-group is-nowrap is-layout-flex wp-container-core-group-is-layout-ad2f72ca wp-block-group-is-layout-flex\">\n<div class=\"wp-block-columns is-layout-flex wp-container-core-columns-is-layout-9d6595d7 wp-block-columns-is-layout-flex\">\n<div class=\"wp-block-column v-center pr-1 is-layout-flow wp-block-column-is-layout-flow\" style=\"flex-basis:47%\">\n<p>We established the independent art group 8lid\u00ed (8people) in&nbsp;2017. We studied together at the Department of Alternative and Puppet Theatre at DAMU in Prague, where we formed a single year group, our subjects being directing, dramaturgy, and scenography, and later decided to continue working together. We are 8lid\u00ed, but really, there are ten of us.<\/p>\n\n\n\n<div class=\"wp-block-buttons is-layout-flex wp-block-buttons-is-layout-flex\">\n<div class=\"wp-block-button is-style-fill\"><a class=\"wp-block-button__link wp-element-button\" href=\"https:\/\/8lidi.cz\/en\/about-us\/\">More about us<\/a><\/div>\n<\/div>\n<\/div>\n\n\n\n<div class=\"wp-block-column flex-v-center is-layout-flow wp-block-column-is-layout-flow\" style=\"flex-basis:53%\">\n<div aria-hidden=\"true\" class=\"wp-block-fsb-flexible-spacer fsb-flexible-spacer\"><div class=\"fsb-flexible-spacer__device fsb-flexible-spacer__device--lg\" style=\"height:0px\"><\/div><div class=\"fsb-flexible-spacer__device fsb-flexible-spacer__device--md\" style=\"height:0px\"><\/div><div class=\"fsb-flexible-spacer__device fsb-flexible-spacer__device--sm\" style=\"height:30px\"><\/div><\/div>\n\n\n\n<figure class=\"wp-block-image size-full multiply\"><img loading=\"lazy\" decoding=\"async\" width=\"310\" height=\"290\" src=\"https:\/\/8lidi.cz\/wp-content\/uploads\/2022\/04\/osm_lidi_tanci_s_dablem-2.jpg\" alt=\"\" class=\"wp-image-169\" srcset=\"https:\/\/8lidi.cz\/wp-content\/uploads\/2022\/04\/osm_lidi_tanci_s_dablem-2.jpg 310w, https:\/\/8lidi.cz\/wp-content\/uploads\/2022\/04\/osm_lidi_tanci_s_dablem-2-300x281.jpg 300w\" sizes=\"auto, (max-width: 310px) 100vw, 310px\" \/><\/figure>\n<\/div>\n<\/div>\n<\/div>\n<\/div><\/div>\n\n\n\n<div aria-hidden=\"true\" class=\"wp-block-fsb-flexible-spacer fsb-flexible-spacer\"><div class=\"fsb-flexible-spacer__device fsb-flexible-spacer__device--lg\" style=\"height:15px\"><\/div><div class=\"fsb-flexible-spacer__device fsb-flexible-spacer__device--md\" style=\"height:24px\"><\/div><div class=\"fsb-flexible-spacer__device fsb-flexible-spacer__device--sm\" style=\"height:30px\"><\/div><\/div>\n\n\n<div class=\"osm-lidi-block-events-list\" id=\"osm-lidi-block-events-block_04f23150f709eb14c4e227c4d25d51b2\">\n        <h2>Upcoming events<\/h2>\n    <div class=\"events-list\">\n                    <div class=\"events-list-item\">\n                <div class=\"date\">4. 5.<\/div>\n                <div class=\"time\">19.30<\/div>\n                <a class=\"name\" href=\"https:\/\/8lidi.cz\/en\/projekt\/8-miliard-lidi-hori\/\" target=\"_self\">                    8 billion people are burning                <\/a>                <div class=\"type\">Event<\/div>\n                                    <a class=\"venue\" href=\"https:\/\/nod.roxy.cz\/events\/detail\/989\/8-miliard-lidi-hori-8lidi\/2025-05-30\" target=\"_blank\">NoD<\/a>\n                                                                            <a href=\"https:\/\/goout.net\/en\/8-miliard-lidi-hori\/szyjrey\/\" class=\"btn-alt btn-tickets\">Tickets<\/a>\n                                                <\/div>\n                <\/div>\n            <div aria-hidden=\"true\" class=\"wp-block-fsb-flexible-spacer fsb-flexible-spacer\">\n            <div class=\"fsb-flexible-spacer__device fsb-flexible-spacer__device--lg\" style=\"height:15px\"><\/div>\n            <div class=\"fsb-flexible-spacer__device fsb-flexible-spacer__device--md\" style=\"height:15px\"><\/div>\n            <div class=\"fsb-flexible-spacer__device fsb-flexible-spacer__device--sm\" style=\"height:15px\"><\/div>\n        <\/div>\n        <div class=\"wp-block-buttons\">\n            <div class=\"wp-block-button btn-arrows\">\n                <a class=\"wp-block-button__link\" href=\"https:\/\/8lidi.cz\/en\/calendar\/\">\n                    More events                <\/a>\n            <\/div>\n        <\/div>\n    <\/div>\n\n\n\n<div class=\"wp-block-buttons is-content-justification-center is-layout-flex wp-container-core-buttons-is-layout-16018d1d wp-block-buttons-is-layout-flex\"><\/div>\n\n\n\n<div aria-hidden=\"true\" class=\"wp-block-fsb-flexible-spacer fsb-flexible-spacer\"><div class=\"fsb-flexible-spacer__device fsb-flexible-spacer__device--lg\" style=\"height:70px\"><\/div><div class=\"fsb-flexible-spacer__device fsb-flexible-spacer__device--md\" style=\"height:60px\"><\/div><div class=\"fsb-flexible-spacer__device fsb-flexible-spacer__device--sm\" style=\"height:60px\"><\/div><\/div>\n\n\n\n<div class=\"wp-block-columns is-layout-flex wp-container-core-columns-is-layout-9d6595d7 wp-block-columns-is-layout-flex\">\n<div class=\"wp-block-column is-layout-flow wp-block-column-is-layout-flow\" style=\"flex-basis:32%\">\n<h2 class=\"wp-block-heading\">Members<\/h2>\n\n\n\n<p>Petr Erbes<br>Emilie Formanov\u00e1<br>Nina Jacques<br>Boris Jedin\u00e1k<br>Anna Klime\u0161ov\u00e1<br>Alice Kofl\u00e1kov\u00e1<br>Karol\u00edna Kotrbov\u00e1<br>Zuzana Scerankov\u00e1<br>Vendula Tom\u0161\u016f<br>Viktorie V\u00e1\u0161ov\u00e1<\/p>\n\n\n\n<div class=\"wp-block-buttons is-layout-flex wp-block-buttons-is-layout-flex\">\n<div class=\"wp-block-button\"><a class=\"wp-block-button__link wp-element-button\" href=\"https:\/\/8lidi.cz\/en\/members\/\">More about members<\/a><\/div>\n<\/div>\n<\/div>\n\n\n\n<div class=\"wp-block-column is-layout-flow wp-block-column-is-layout-flow\" style=\"flex-basis:68%\">\n<div aria-hidden=\"true\" class=\"wp-block-fsb-flexible-spacer fsb-flexible-spacer\"><div class=\"fsb-flexible-spacer__device fsb-flexible-spacer__device--lg\" style=\"height:0px\"><\/div><div class=\"fsb-flexible-spacer__device fsb-flexible-spacer__device--md\" style=\"height:0px\"><\/div><div class=\"fsb-flexible-spacer__device fsb-flexible-spacer__device--sm\" style=\"height:50px\"><\/div><\/div>\n\n\n\n<h2 class=\"wp-block-heading\">In Short<\/h2>\n\n\n\n<p>We give 8x as much care.<br>We propose 8x as many solutions.<br>Everything takes us 8x as long.<br>We eat 8x as many bread rolls.<br>We like dancing.<br>We have 8x as many eyes.<br>There aren\u2019t enough of us to make a football team.<br>We\u2019re 8lid\u00ed and we\u2019re actually ten people.<\/p>\n<\/div>\n<\/div>\n\n\n\n<div aria-hidden=\"true\" class=\"wp-block-fsb-flexible-spacer fsb-flexible-spacer\"><div class=\"fsb-flexible-spacer__device fsb-flexible-spacer__device--lg\" style=\"height:15px\"><\/div><div class=\"fsb-flexible-spacer__device fsb-flexible-spacer__device--md\" style=\"height:15px\"><\/div><div class=\"fsb-flexible-spacer__device fsb-flexible-spacer__device--sm\" style=\"height:15px\"><\/div><\/div>\n\n\n<div class=\"wp-block-image multiply\">\n<figure class=\"aligncenter size-full\"><img loading=\"lazy\" decoding=\"async\" width=\"315\" height=\"246\" src=\"https:\/\/8lidi.cz\/wp-content\/uploads\/2022\/04\/racclette_gril_pro_osm_lidi-3.jpg\" alt=\"\" class=\"wp-image-173\" srcset=\"https:\/\/8lidi.cz\/wp-content\/uploads\/2022\/04\/racclette_gril_pro_osm_lidi-3.jpg 315w, https:\/\/8lidi.cz\/wp-content\/uploads\/2022\/04\/racclette_gril_pro_osm_lidi-3-300x234.jpg 300w\" sizes=\"auto, (max-width: 315px) 100vw, 315px\" \/><\/figure>\n<\/div>","protected":false},"excerpt":{"rendered":"<p>We established the independent art group 8lid\u00ed (8people) in&nbsp;2017. We studied together at the Department of Alternative and Puppet Theatre at DAMU in Prague, where we formed a single year group, our subjects being directing, dramaturgy, and scenography, and later decided to continue working together. We are 8lid\u00ed, but really, there are ten of us. [&hellip;]<\/p>\n","protected":false},"author":1,"featured_media":0,"parent":0,"menu_order":0,"comment_status":"closed","ping_status":"closed","template":"","meta":{"_acf_changed":false,"inline_featured_image":false,"footnotes":""},"class_list":["post-7","page","type-page","status-publish","hentry"],"acf":[],"_links":{"self":[{"href":"https:\/\/8lidi.cz\/en\/wp-json\/wp\/v2\/pages\/7","targetHints":{"allow":["GET"]}}],"collection":[{"href":"https:\/\/8lidi.cz\/en\/wp-json\/wp\/v2\/pages"}],"about":[{"href":"https:\/\/8lidi.cz\/en\/wp-json\/wp\/v2\/types\/page"}],"author":[{"embeddable":true,"href":"https:\/\/8lidi.cz\/en\/wp-json\/wp\/v2\/users\/1"}],"replies":[{"embeddable":true,"href":"https:\/\/8lidi.cz\/en\/wp-json\/wp\/v2\/comments?post=7"}],"version-history":[{"count":96,"href":"https:\/\/8lidi.cz\/en\/wp-json\/wp\/v2\/pages\/7\/revisions"}],"predecessor-version":[{"id":2605,"href":"https:\/\/8lidi.cz\/en\/wp-json\/wp\/v2\/pages\/7\/revisions\/2605"}],"wp:attachment":[{"href":"https:\/\/8lidi.cz\/en\/wp-json\/wp\/v2\/media?parent=7"}],"curies":[{"name":"wp","href":"https:\/\/api.w.org\/{rel}","templated":true}]}}